{"id":1261,"date":"2021-06-09T03:51:10","date_gmt":"2021-06-09T01:51:10","guid":{"rendered":"https:\/\/im-djurdjevic.globaldizajn.xyz\/naslovna\/"},"modified":"2023-11-30T17:46:05","modified_gmt":"2023-11-30T16:46:05","slug":"home","status":"publish","type":"page","link":"https:\/\/im-djurdjevic.com\/en\/","title":{"rendered":"Home"},"content":{"rendered":"\t\t<div data-elementor-type=\"wp-page\" data-elementor-id=\"1261\" class=\"elementor elementor-1261 elementor-74\">\n\t\t\t\t\t\t\t\t\t<section class=\"elementor-section elementor-top-section elementor-element elementor-element-e29a174 elementor-section-full_width elementor-section-height-default elementor-section-height-default\" data-id=\"e29a174\" data-element_type=\"section\">\n\t\t\t\t\t\t<div class=\"elementor-container elementor-column-gap-no\">\n\t\t\t\t\t<div class=\"elementor-column elementor-col-100 elementor-top-column elementor-element elementor-element-582cbeb\" data-id=\"582cbeb\" data-element_type=\"column\">\n\t\t\t<div class=\"elementor-widget-wrap elementor-element-populated\">\n\t\t\t\t\t\t\t\t<div class=\"elementor-element elementor-element-74729d9 elementor-align-left elementor-widget elementor-widget-bdevs-slider\" data-id=\"74729d9\" data-element_type=\"widget\" data-widget_type=\"bdevs-slider.default\">\n\t\t\t\t<div class=\"elementor-widget-container\">\n\t\t\t  \n<section>\n\t    <div class=\"home-slider\">\n        <!-- partial:index.partial.html -->\n        <div class=\"hero-slider\" data-carousel>\n        \t            <div class=\"carousel-cell\" style=\"background-image:url(https:\/\/im-djurdjevic.com\/wp-content\/uploads\/2022\/11\/sli-n0.jpg);\">\n                <div class=\"overlay\"><\/div>\n                <div class=\"container slider-caption\">\n                \t                    <h5 class=\"subtitle\">Doma\u0107e je doma\u0107e<\/h5>\n                                                            <h1>\u0110ur\u0111evi\u0107 meat industry<\/h1>\n                                                            <p>The \u201c\u0110ur\u0111evi\u0107\u201d meat industry, based in the work zone in Suboti\u0161te, Pe\u0107inci municipality, was founded in 1999, with the aim of always offering its customers quality, fresh and tasty products.<\/p>\n                                                            <a class=\"btn btn-default btn-outline\" href=\"\/en\/company\/about-us\/\" role=\"button\">About Us<\/a>\n                                    <\/div>\n                <div class=\"social-media\">\n                    <ul>\n                    \t                                                                                            <\/ul>\n                <\/div>\n            <\/div>\n                        <div class=\"carousel-cell\" style=\"background-image:url(https:\/\/im-djurdjevic.com\/wp-content\/uploads\/2022\/11\/slide-n1.png);\">\n                <div class=\"overlay\"><\/div>\n                <div class=\"container slider-caption\">\n                \t                    <h5 class=\"subtitle\">Doma\u0107e je doma\u0107e<\/h5>\n                                                            <h1>\u0110ur\u0111evi\u0107 meat industry<\/h1>\n                                                            <p>The \u201c\u0110ur\u0111evi\u0107\u201d meat industry, based in the work zone in Suboti\u0161te, Pe\u0107inci municipality, was founded in 1999, with the aim of always offering its customers quality, fresh and tasty products.<\/p>\n                                                            <a class=\"btn btn-default btn-outline\" href=\"\/en\/company\/about-us\/\" role=\"button\">About Us<\/a>\n                                    <\/div>\n                <div class=\"social-media\">\n                    <ul>\n                    \t                                                                                            <\/ul>\n                <\/div>\n            <\/div>\n                        \n        <\/div>\n        <!-- partial -->\n    <\/div>\n    \n    <!--SLIDER END-->\n    <\/section>\n\t\t\t<\/div>\n\t\t\t\t<\/div>\n\t\t\t\t\t<\/div>\n\t\t<\/div>\n\t\t\t\t\t\t\t<\/div>\n\t\t<\/section>\n\t\t\t\t<section class=\"elementor-section elementor-top-section elementor-element elementor-element-325b4c7 elementor-section-boxed elementor-section-height-default elementor-section-height-default\" data-id=\"325b4c7\" data-element_type=\"section\">\n\t\t\t\t\t\t<div class=\"elementor-container elementor-column-gap-default\">\n\t\t\t\t\t<div class=\"elementor-column elementor-col-100 elementor-top-column elementor-element elementor-element-bc839cd\" data-id=\"bc839cd\" data-element_type=\"column\">\n\t\t\t<div class=\"elementor-widget-wrap elementor-element-populated\">\n\t\t\t\t\t\t\t\t<div class=\"elementor-element elementor-element-0306491 elementor-widget elementor-widget-elementskit-heading\" data-id=\"0306491\" data-element_type=\"widget\" data-widget_type=\"elementskit-heading.default\">\n\t\t\t\t<div class=\"elementor-widget-container\">\n\t\t\t<div class=\"ekit-wid-con\" ><div class=\"ekit-heading elementskit-section-title-wraper text_center   ekit_heading_tablet-   ekit_heading_mobile-\"><h2 class=\"ekit-heading--title elementskit-section-title \">\n\t\t\t\t\t<span><span>\u0110ur\u0111evi\u0107<\/span><\/span> meat industry\n\t\t\t\t\t<\/h2><div class=\"ekit_heading_separetor_wraper ekit_heading_elementskit-border-divider\"><div class=\"elementskit-border-divider\"><\/div><\/div><\/div><\/div>\t\t<\/div>\n\t\t\t\t<\/div>\n\t\t\t\t\t<\/div>\n\t\t<\/div>\n\t\t\t\t\t\t\t<\/div>\n\t\t<\/section>\n\t\t\t\t<section class=\"elementor-section elementor-top-section elementor-element elementor-element-8f66979 elementor-section-boxed elementor-section-height-default elementor-section-height-default\" data-id=\"8f66979\" data-element_type=\"section\">\n\t\t\t\t\t\t<div class=\"elementor-container elementor-column-gap-default\">\n\t\t\t\t\t<div class=\"elementor-column elementor-col-100 elementor-top-column elementor-element elementor-element-ac77ba2\" data-id=\"ac77ba2\" data-element_type=\"column\">\n\t\t\t<div class=\"elementor-widget-wrap elementor-element-populated\">\n\t\t\t\t\t\t\t\t<div class=\"elementor-element elementor-element-24201af elementor-widget elementor-widget-text-editor\" data-id=\"24201af\" data-element_type=\"widget\" data-widget_type=\"text-editor.default\">\n\t\t\t\t<div class=\"elementor-widget-container\">\n\t\t\t<style>\/*! elementor - v3.9.0 - 06-12-2022 *\/\n.elementor-widget-text-editor.elementor-drop-cap-view-stacked .elementor-drop-cap{background-color:#818a91;color:#fff}.elementor-widget-text-editor.elementor-drop-cap-view-framed .elementor-drop-cap{color:#818a91;border:3px solid;background-color:transparent}.elementor-widget-text-editor:not(.elementor-drop-cap-view-default) .elementor-drop-cap{margin-top:8px}.elementor-widget-text-editor:not(.elementor-drop-cap-view-default) .elementor-drop-cap-letter{width:1em;height:1em}.elementor-widget-text-editor .elementor-drop-cap{float:left;text-align:center;line-height:1;font-size:50px}.elementor-widget-text-editor .elementor-drop-cap-letter{display:inline-block}<\/style>\t\t\t\t<p>Within the company there is a newly built slaughterhouse, which started operating in 2004 . years. The Ministry of Agriculture, Forestry, and Water Management of the Republic of Serbia assigned this facility an export number, and the facility has the necessary work permits and meets all the regulations of the ISO standard. An extremely modern and up-to-date facility was created in which the top technologies of work and production were applied, the most modern equipment of industrial capacity, enables the daily slaughter of about 1000 pigs, 150 beef and 30 tons of processing, the \u201c\u0110ur\u0111evi\u0107\u201d meat industry produces and supplies about 400 tons per day on average of finished products, of which 95% is sold through mega markets, and the remaining 5% through our own modernly equipped retail facilities.<\/p>\t\t\t\t\t\t<\/div>\n\t\t\t\t<\/div>\n\t\t\t\t\t<\/div>\n\t\t<\/div>\n\t\t\t\t\t\t\t<\/div>\n\t\t<\/section>\n\t\t\t\t<section class=\"elementor-section elementor-top-section elementor-element elementor-element-265c59f elementor-section-full_width elementor-section-height-default elementor-section-height-default\" data-id=\"265c59f\" data-element_type=\"section\">\n\t\t\t\t\t\t<div class=\"elementor-container elementor-column-gap-no\">\n\t\t\t\t\t<div class=\"elementor-column elementor-col-100 elementor-top-column elementor-element elementor-element-918c3f6\" data-id=\"918c3f6\" data-element_type=\"column\">\n\t\t\t<div class=\"elementor-widget-wrap elementor-element-populated\">\n\t\t\t\t\t\t\t\t<div class=\"elementor-element elementor-element-feba9e9 elementor-align-left elementor-widget elementor-widget-bdevs-why-choose-us\" data-id=\"feba9e9\" data-element_type=\"widget\" data-widget_type=\"bdevs-why-choose-us.default\">\n\t\t\t\t<div class=\"elementor-widget-container\">\n\t\t\t  \r\n<section>\r\n    <div class=\"why-us-layer mb-5\">\r\n        <div class=\"row\">\r\n            <div class=\"col-lg-6\">\r\n                <div class=\"why-us-img-bg\" style=\"background-image: url(https:\/\/im-djurdjevic.com\/wp-content\/uploads\/2022\/11\/farma.jpg);\r\n    height: 600px;\r\n    background-position: center;\r\n    background-repeat: no-repeat;\r\n    background-size: cover;\r\n    position: relative;\">\r\n\r\n                <\/div>\r\n            <\/div>\r\n            <div class=\"col-lg-6\">\r\n                <div class=\"why-us-left\">\r\n                    <div class=\"why-us-info\">\r\n                    \t                        <h2>About the meat industry \u0110ur\u0111evi\u0107<\/h2>\r\n                                                                        Industije mesa \u201c\u0110ur\u0111evi\u0107\u201d operates in the desire to remain faithful to its basic qualities, to grow and develop in accordance with new world trends and to provide our customers with products of unique taste and craftsmanship from the centuries-old tradition of Srem.                                                <figure class=\"signature\">\r\n                            <img decoding=\"async\" src=\"\" alt=\"\">\r\n                        <\/figure>\r\n                                                <a class=\"btn btn-default\" href=\"\/en\/company\/about-us\/\" role=\"button\">About Us<\/a>\r\n                                            <\/div>\r\n                <\/div>\r\n            <\/div>\r\n        <\/div>\r\n    <\/div>\r\n    <!-- RECENT NEWS END -->\r\n<\/section>\r\n\t\t\t<\/div>\n\t\t\t\t<\/div>\n\t\t\t\t\t<\/div>\n\t\t<\/div>\n\t\t\t\t\t\t\t<\/div>\n\t\t<\/section>\n\t\t\t\t\t\t\t<\/div>\n\t\t","protected":false},"excerpt":{"rendered":"<p>Doma\u0107e je doma\u0107e \u0110ur\u0111evi\u0107 meat industry The \u201c\u0110ur\u0111evi\u0107\u201d meat industry, based in the work zone in Suboti\u0161te, Pe\u0107inci municipality, was founded in 1999, with the aim of always offering its customers quality, fresh and tasty products. About Us Doma\u0107e je doma\u0107e \u0110ur\u0111evi\u0107 meat industry The \u201c\u0110ur\u0111evi\u0107\u201d meat industry, based in the work zone in Suboti\u0161te, [&hellip;]<\/p>\n","protected":false},"author":1,"featured_media":0,"parent":0,"menu_order":0,"comment_status":"closed","ping_status":"closed","template":"page-templates\/home-page-1.php","meta":{"footnotes":""},"class_list":["post-1261","page","type-page","status-publish","hentry"],"yoast_head":"<!-- This site is optimized with the Yoast SEO plugin v20.8 - https:\/\/yoast.com\/wordpress\/plugins\/seo\/ -->\n<title>Home - IM - Djurdjevic<\/title>\n<meta name=\"robots\" content=\"index, follow, max-snippet:-1, max-image-preview:large, max-video-preview:-1\" \/>\n<link rel=\"canonical\" href=\"https:\/\/im-djurdjevic.com\/en\/\" \/>\n<meta property=\"og:locale\" content=\"en_US\" \/>\n<meta property=\"og:type\" content=\"article\" \/>\n<meta property=\"og:title\" content=\"Home - IM - Djurdjevic\" \/>\n<meta property=\"og:description\" content=\"Doma\u0107e je doma\u0107e \u0110ur\u0111evi\u0107 meat industry The \u201c\u0110ur\u0111evi\u0107\u201d meat industry, based in the work zone in Suboti\u0161te, Pe\u0107inci municipality, was founded in 1999, with the aim of always offering its customers quality, fresh and tasty products. About Us Doma\u0107e je doma\u0107e \u0110ur\u0111evi\u0107 meat industry The \u201c\u0110ur\u0111evi\u0107\u201d meat industry, based in the work zone in Suboti\u0161te, [&hellip;]\" \/>\n<meta property=\"og:url\" content=\"https:\/\/im-djurdjevic.com\/en\/\" \/>\n<meta property=\"og:site_name\" content=\"IM - Djurdjevic\" \/>\n<meta property=\"article:modified_time\" content=\"2023-11-30T16:46:05+00:00\" \/>\n<meta name=\"twitter:card\" content=\"summary_large_image\" \/>\n<meta name=\"twitter:label1\" content=\"Est. reading time\" \/>\n\t<meta name=\"twitter:data1\" content=\"2 minutes\" \/>\n<script type=\"application\/ld+json\" class=\"yoast-schema-graph\">{\"@context\":\"https:\/\/schema.org\",\"@graph\":[{\"@type\":\"WebPage\",\"@id\":\"https:\/\/im-djurdjevic.com\/en\/\",\"url\":\"https:\/\/im-djurdjevic.com\/en\/\",\"name\":\"Home - IM - Djurdjevic\",\"isPartOf\":{\"@id\":\"https:\/\/im-djurdjevic.com\/#website\"},\"datePublished\":\"2021-06-09T01:51:10+00:00\",\"dateModified\":\"2023-11-30T16:46:05+00:00\",\"inLanguage\":\"en-US\",\"potentialAction\":[{\"@type\":\"ReadAction\",\"target\":[\"https:\/\/im-djurdjevic.com\/en\/\"]}]},{\"@type\":\"WebSite\",\"@id\":\"https:\/\/im-djurdjevic.com\/#website\",\"url\":\"https:\/\/im-djurdjevic.com\/\",\"name\":\"IM - Djurdjevic\",\"description\":\"Industrija mesa Djurdjevic\",\"publisher\":{\"@id\":\"https:\/\/im-djurdjevic.com\/#organization\"},\"potentialAction\":[{\"@type\":\"SearchAction\",\"target\":{\"@type\":\"EntryPoint\",\"urlTemplate\":\"https:\/\/im-djurdjevic.com\/?s={search_term_string}\"},\"query-input\":\"required name=search_term_string\"}],\"inLanguage\":\"en-US\"},{\"@type\":\"Organization\",\"@id\":\"https:\/\/im-djurdjevic.com\/#organization\",\"name\":\"Industrija mesa - Djurdjevic\",\"url\":\"https:\/\/im-djurdjevic.com\/\",\"logo\":{\"@type\":\"ImageObject\",\"inLanguage\":\"en-US\",\"@id\":\"https:\/\/im-djurdjevic.com\/#\/schema\/logo\/image\/\",\"url\":\"https:\/\/im-djurdjevic.globaldizajn.xyz\/wp-content\/uploads\/2022\/10\/Logo-Djurdjevic.png\",\"contentUrl\":\"https:\/\/im-djurdjevic.globaldizajn.xyz\/wp-content\/uploads\/2022\/10\/Logo-Djurdjevic.png\",\"width\":242,\"height\":100,\"caption\":\"Industrija mesa - Djurdjevic\"},\"image\":{\"@id\":\"https:\/\/im-djurdjevic.com\/#\/schema\/logo\/image\/\"}}]}<\/script>\n<!-- \/ Yoast SEO plugin. -->","yoast_head_json":{"title":"Home - IM - Djurdjevic","robots":{"index":"index","follow":"follow","max-snippet":"max-snippet:-1","max-image-preview":"max-image-preview:large","max-video-preview":"max-video-preview:-1"},"canonical":"https:\/\/im-djurdjevic.com\/en\/","og_locale":"en_US","og_type":"article","og_title":"Home - IM - Djurdjevic","og_description":"Doma\u0107e je doma\u0107e \u0110ur\u0111evi\u0107 meat industry The \u201c\u0110ur\u0111evi\u0107\u201d meat industry, based in the work zone in Suboti\u0161te, Pe\u0107inci municipality, was founded in 1999, with the aim of always offering its customers quality, fresh and tasty products. About Us Doma\u0107e je doma\u0107e \u0110ur\u0111evi\u0107 meat industry The \u201c\u0110ur\u0111evi\u0107\u201d meat industry, based in the work zone in Suboti\u0161te, [&hellip;]","og_url":"https:\/\/im-djurdjevic.com\/en\/","og_site_name":"IM - Djurdjevic","article_modified_time":"2023-11-30T16:46:05+00:00","twitter_card":"summary_large_image","twitter_misc":{"Est. reading time":"2 minutes"},"schema":{"@context":"https:\/\/schema.org","@graph":[{"@type":"WebPage","@id":"https:\/\/im-djurdjevic.com\/en\/","url":"https:\/\/im-djurdjevic.com\/en\/","name":"Home - IM - Djurdjevic","isPartOf":{"@id":"https:\/\/im-djurdjevic.com\/#website"},"datePublished":"2021-06-09T01:51:10+00:00","dateModified":"2023-11-30T16:46:05+00:00","inLanguage":"en-US","potentialAction":[{"@type":"ReadAction","target":["https:\/\/im-djurdjevic.com\/en\/"]}]},{"@type":"WebSite","@id":"https:\/\/im-djurdjevic.com\/#website","url":"https:\/\/im-djurdjevic.com\/","name":"IM - Djurdjevic","description":"Industrija mesa Djurdjevic","publisher":{"@id":"https:\/\/im-djurdjevic.com\/#organization"},"potentialAction":[{"@type":"SearchAction","target":{"@type":"EntryPoint","urlTemplate":"https:\/\/im-djurdjevic.com\/?s={search_term_string}"},"query-input":"required name=search_term_string"}],"inLanguage":"en-US"},{"@type":"Organization","@id":"https:\/\/im-djurdjevic.com\/#organization","name":"Industrija mesa - Djurdjevic","url":"https:\/\/im-djurdjevic.com\/","logo":{"@type":"ImageObject","inLanguage":"en-US","@id":"https:\/\/im-djurdjevic.com\/#\/schema\/logo\/image\/","url":"https:\/\/im-djurdjevic.globaldizajn.xyz\/wp-content\/uploads\/2022\/10\/Logo-Djurdjevic.png","contentUrl":"https:\/\/im-djurdjevic.globaldizajn.xyz\/wp-content\/uploads\/2022\/10\/Logo-Djurdjevic.png","width":242,"height":100,"caption":"Industrija mesa - Djurdjevic"},"image":{"@id":"https:\/\/im-djurdjevic.com\/#\/schema\/logo\/image\/"}}]}},"_links":{"self":[{"href":"https:\/\/im-djurdjevic.com\/en\/wp-json\/wp\/v2\/pages\/1261","targetHints":{"allow":["GET"]}}],"collection":[{"href":"https:\/\/im-djurdjevic.com\/en\/wp-json\/wp\/v2\/pages"}],"about":[{"href":"https:\/\/im-djurdjevic.com\/en\/wp-json\/wp\/v2\/types\/page"}],"author":[{"embeddable":true,"href":"https:\/\/im-djurdjevic.com\/en\/wp-json\/wp\/v2\/users\/1"}],"replies":[{"embeddable":true,"href":"https:\/\/im-djurdjevic.com\/en\/wp-json\/wp\/v2\/comments?post=1261"}],"version-history":[{"count":47,"href":"https:\/\/im-djurdjevic.com\/en\/wp-json\/wp\/v2\/pages\/1261\/revisions"}],"predecessor-version":[{"id":2191,"href":"https:\/\/im-djurdjevic.com\/en\/wp-json\/wp\/v2\/pages\/1261\/revisions\/2191"}],"wp:attachment":[{"href":"https:\/\/im-djurdjevic.com\/en\/wp-json\/wp\/v2\/media?parent=1261"}],"curies":[{"name":"wp","href":"https:\/\/api.w.org\/{rel}","templated":true}]}}