{"id":1579,"date":"2021-06-09T04:27:00","date_gmt":"2021-06-09T02:27:00","guid":{"rendered":"https:\/\/im-djurdjevic.globaldizajn.xyz\/zastita-resursa\/"},"modified":"2023-11-30T18:52:18","modified_gmt":"2023-11-30T17:52:18","slug":"resource-protection","status":"publish","type":"page","link":"https:\/\/im-djurdjevic.com\/en\/resource-protection\/","title":{"rendered":"Resource protection"},"content":{"rendered":"\t\t<div data-elementor-type=\"wp-page\" data-elementor-id=\"1579\" class=\"elementor elementor-1579 elementor-83\">\n\t\t\t\t\t\t\t\t\t<section class=\"elementor-section elementor-top-section elementor-element elementor-element-1ec503aa elementor-section-full_width elementor-section-height-default elementor-section-height-default\" data-id=\"1ec503aa\" data-element_type=\"section\">\n\t\t\t\t\t\t<div class=\"elementor-container elementor-column-gap-no\">\n\t\t\t\t\t<div class=\"elementor-column elementor-col-100 elementor-top-column elementor-element elementor-element-4b7d652f\" data-id=\"4b7d652f\" data-element_type=\"column\">\n\t\t\t<div class=\"elementor-widget-wrap elementor-element-populated\">\n\t\t\t\t\t\t\t\t<div class=\"elementor-element elementor-element-65e78f95 elementor-align-left elementor-widget elementor-widget-bdevs-slider\" data-id=\"65e78f95\" data-element_type=\"widget\" data-widget_type=\"bdevs-slider.default\">\n\t\t\t\t<div class=\"elementor-widget-container\">\n\t\t\t  \n<section>\n\t    <div class=\"home-slider\">\n        <!-- partial:index.partial.html -->\n        <div class=\"hero-slider\" data-carousel>\n        \t            <div class=\"carousel-cell\" style=\"background-image:url(https:\/\/im-djurdjevic.com\/wp-content\/uploads\/2022\/11\/sli0.jpg);\">\n                <div class=\"overlay\"><\/div>\n                <div class=\"container slider-caption\">\n                \t                    <h5 class=\"subtitle\">Za\u0161tita resursa<\/h5>\n                                                            <h1>Za\u0161tita \u017eivotne sredine<\/h1>\n                                                            <p>Strate\u0161ko opredeljenje kompanije \u0110ur\u0111evi\u0107 jeste za\u0161tita \u017eivotne sredine i o\u010duvanje resursa za  generacije koje dolaze. <\/p>\n                                                        <\/div>\n                <div class=\"social-media\">\n                    <ul>\n                    \t                        <li><a href=\"https:\/\/www.facebook.com\/\"><i class=\"fab fa-facebook-f\"><\/i><\/a><\/li>\n                                                                                                <li><a href=\"https:\/\/www.instagram.com\/\"><i class=\"fab fa-instagram\"><\/i><\/a><\/li>\n                                                                        <li><a href=\"https:\/\/youtube.com\/\"><i class=\"fab fa-youtube\"><\/i><\/a><\/li>\n                                            <\/ul>\n                <\/div>\n            <\/div>\n                        <div class=\"carousel-cell\" style=\"background-image:url(https:\/\/im-djurdjevic.com\/wp-content\/uploads\/2022\/11\/sli1.jpg);\">\n                <div class=\"overlay\"><\/div>\n                <div class=\"container slider-caption\">\n                \t                    <h5 class=\"subtitle\">Za\u0161tita resursa<\/h5>\n                                                            <h1>Za\u0161tita \u017eivotne sredine<\/h1>\n                                                            <p>Strate\u0161ko opredeljenje kompanije \u0110ur\u0111evi\u0107 jeste za\u0161tita \u017eivotne sredine i o\u010duvanje resursa za  generacije koje dolaze. <\/p>\n                                                        <\/div>\n                <div class=\"social-media\">\n                    <ul>\n                    \t                        <li><a href=\"https:\/\/www.facebook.com\/\"><i class=\"fab fa-facebook-f\"><\/i><\/a><\/li>\n                                                                                                <li><a href=\"https:\/\/www.instagram.com\/\"><i class=\"fab fa-instagram\"><\/i><\/a><\/li>\n                                                                        <li><a href=\"https:\/\/youtube.com\/\"><i class=\"fab fa-youtube\"><\/i><\/a><\/li>\n                                            <\/ul>\n                <\/div>\n            <\/div>\n                        \n        <\/div>\n        <!-- partial -->\n    <\/div>\n    \n    <!--SLIDER END-->\n    <\/section>\n\t\t\t<\/div>\n\t\t\t\t<\/div>\n\t\t\t\t\t<\/div>\n\t\t<\/div>\n\t\t\t\t\t\t\t<\/div>\n\t\t<\/section>\n\t\t\t\t<section class=\"elementor-section elementor-top-section elementor-element elementor-element-b39ac53 elementor-section-boxed elementor-section-height-default elementor-section-height-default\" data-id=\"b39ac53\" data-element_type=\"section\">\n\t\t\t\t\t\t<div class=\"elementor-container elementor-column-gap-default\">\n\t\t\t\t\t<div class=\"elementor-column elementor-col-100 elementor-top-column elementor-element elementor-element-2666d4f\" data-id=\"2666d4f\" data-element_type=\"column\">\n\t\t\t<div class=\"elementor-widget-wrap elementor-element-populated\">\n\t\t\t\t\t\t\t\t<div class=\"elementor-element elementor-element-70a9528 elementor-widget elementor-widget-shortcode\" data-id=\"70a9528\" data-element_type=\"widget\" data-widget_type=\"shortcode.default\">\n\t\t\t\t<div class=\"elementor-widget-container\">\n\t\t\t\t\t<div class=\"elementor-shortcode\"><\/div>\n\t\t\t\t<\/div>\n\t\t\t\t<\/div>\n\t\t\t\t\t<\/div>\n\t\t<\/div>\n\t\t\t\t\t\t\t<\/div>\n\t\t<\/section>\n\t\t\t\t<section class=\"elementor-section elementor-top-section elementor-element elementor-element-a719a32 elementor-section-boxed elementor-section-height-default elementor-section-height-default\" data-id=\"a719a32\" data-element_type=\"section\">\n\t\t\t\t\t\t<div class=\"elementor-container elementor-column-gap-default\">\n\t\t\t\t\t<div class=\"elementor-column elementor-col-100 elementor-top-column elementor-element elementor-element-84df800\" data-id=\"84df800\" data-element_type=\"column\">\n\t\t\t<div class=\"elementor-widget-wrap elementor-element-populated\">\n\t\t\t\t\t\t\t\t<div class=\"elementor-element elementor-element-15923b6 elementor-widget elementor-widget-heading\" data-id=\"15923b6\" data-element_type=\"widget\" data-widget_type=\"heading.default\">\n\t\t\t\t<div class=\"elementor-widget-container\">\n\t\t\t<style>\/*! elementor - v3.9.0 - 06-12-2022 *\/\n.elementor-heading-title{padding:0;margin:0;line-height:1}.elementor-widget-heading .elementor-heading-title[class*=elementor-size-]>a{color:inherit;font-size:inherit;line-height:inherit}.elementor-widget-heading .elementor-heading-title.elementor-size-small{font-size:15px}.elementor-widget-heading .elementor-heading-title.elementor-size-medium{font-size:19px}.elementor-widget-heading .elementor-heading-title.elementor-size-large{font-size:29px}.elementor-widget-heading .elementor-heading-title.elementor-size-xl{font-size:39px}.elementor-widget-heading .elementor-heading-title.elementor-size-xxl{font-size:59px}<\/style><h2 class=\"elementor-heading-title elementor-size-default\">Za\u0161tita resursa<\/h2>\t\t<\/div>\n\t\t\t\t<\/div>\n\t\t\t\t\t<\/div>\n\t\t<\/div>\n\t\t\t\t\t\t\t<\/div>\n\t\t<\/section>\n\t\t\t\t<section class=\"elementor-section elementor-top-section elementor-element elementor-element-2c5cc2c elementor-section-boxed elementor-section-height-default elementor-section-height-default\" data-id=\"2c5cc2c\" data-element_type=\"section\">\n\t\t\t\t\t\t<div class=\"elementor-container elementor-column-gap-default\">\n\t\t\t\t\t<div class=\"elementor-column elementor-col-100 elementor-top-column elementor-element elementor-element-19112c0\" data-id=\"19112c0\" data-element_type=\"column\">\n\t\t\t<div class=\"elementor-widget-wrap elementor-element-populated\">\n\t\t\t\t\t\t\t\t<div class=\"elementor-element elementor-element-82a1f4a elementor-widget elementor-widget-text-editor\" data-id=\"82a1f4a\" data-element_type=\"widget\" data-widget_type=\"text-editor.default\">\n\t\t\t\t<div class=\"elementor-widget-container\">\n\t\t\t<style>\/*! elementor - v3.9.0 - 06-12-2022 *\/\n.elementor-widget-text-editor.elementor-drop-cap-view-stacked .elementor-drop-cap{background-color:#818a91;color:#fff}.elementor-widget-text-editor.elementor-drop-cap-view-framed .elementor-drop-cap{color:#818a91;border:3px solid;background-color:transparent}.elementor-widget-text-editor:not(.elementor-drop-cap-view-default) .elementor-drop-cap{margin-top:8px}.elementor-widget-text-editor:not(.elementor-drop-cap-view-default) .elementor-drop-cap-letter{width:1em;height:1em}.elementor-widget-text-editor .elementor-drop-cap{float:left;text-align:center;line-height:1;font-size:50px}.elementor-widget-text-editor .elementor-drop-cap-letter{display:inline-block}<\/style>\t\t\t\t<p><strong>Za\u0161tita \u017eivotne sredine<\/strong><\/p><p>Strate\u0161ko opredeljenje kompanije \u0110ur\u0111evi\u0107 jeste za\u0161tita \u017eivotne sredine i o\u010duvanje resursa za generacije koje dolaze. Mesne industrije su po prirodi veliki potro\u0161a\u010di energije, a kao jedna od vode\u0107ih mesnih industrija u Republici Srbiji veoma smo svesni zna\u010daja o\u010duvanja \u017eivotne sredine i smanjenja potro\u0161nje energije. U\u0161tedu energije vr\u0161imo optimizacijom proizvodnih procesa i investiranjem u postrojenja koja obezbe\u0111uju samostalno snabdevanje energijom. Posedujemo sertifikovani SRPS ISO 14001:2015 standard za za\u0161titu \u017eivotne sredine te smo u mogu\u0107nosti da konstantno pratimo potro\u0161nju resursa kroz sve sektore kompanije i na taj na\u010din nam je omogu\u0107eno unapre\u0111enje sistema.<\/p><p><strong>1. Elektri\u010dna i toplotna energija<\/strong><\/p><p>Kompanija \u0110ur\u0111evi\u0107 poseduje sopstvenu proizvodnju elektri\u010dne energije kroz biogasno postrojenje od 1MW. Sav otpad koji nastaje u procesima proizvodnje mesa, kao i otpad koji nastaje u procesima uzgajanja \u017eivotinja se transportuje do biogasnog postrojenja gde se u slo\u017eenim i strogo kontrolisanim uslovima izdvaja biogas u \u010dijem sastavu najve\u0107i udeo zauzima metan. Biomasa koja se koristi za dobijanje elektri\u010dne energije obuhvata biorazgradive delove i otpadke biolo\u0161kog porekla \u0161to podrazumeva biljne i \u017eivotinjske materije kao i industrijski i komunalni otpad. Biomasa je karbon-neutralni obnovljivi izvor energije koji je konstantno dostupan u eko-sistemima. U daljem procesu dolazi do sagorevanja metana i tim putem se generi\u0161e elektri\u010dna energija. Dobijena elektri\u010dna energija se naziva ,,zelena energija\u201c jer se za njeno stvaranje koriste obnovljivi izvori.<\/p><p><strong>Regeneracija energije<\/strong><\/p><p>Kako bi meso do krajnjeg potro\u0161a\u010da stiglo bezbedno i higijenski ispravno potrebno je da postoji kontinuiran sistem hla\u0111enja koji prati na\u0161e proizvode od mesta proizvodnje do domova na\u0161ih kupaca. Svi znamo da fri\u017eideri i zamrziva\u010di u na\u0161im ku\u0107ama slu\u017ee za hla\u0111enje mesa, me\u0111utim ako ih dodirnete sa zadnje strane primeti\u0107ete da su topli. Upravo ovaj momenat je kompanija \u0110ur\u0111evi\u0107 iskoristila i postavila upija\u010de toplotne energije na sisteme hla\u0111enja te na takav na\u010din spre\u010davamo rasipanje energije. Toplotu sa ure\u0111aja za hla\u0111enje koristimo za dobijanje neograni\u010dene koli\u010dine tople vode, koja se zatim koristi za procese pranja i sanitacije opreme i proizvodnih prostorija. Na ovaj na\u010din ve\u0107 jednom utro\u0161ena energija se regeneri\u0161e i ponovo koristi.<br \/>Za procese kuvanja delikatesnih proizvoda od mesa koristimo vodenu paru, a ne elektro greja\u010de. Vodena para kao prenosilac toplote poseduje brojna povoljna svojstva kao \u0161to je velika mo\u0107 apsorpcije i jednostavna mogu\u0107nost transporta. Tako\u0111e jo\u0161 neke prednosti upotrebe vodene pare za tehnolo\u0161ke procese su visok energetski kapacitet i prirodan na\u010din njene proizvodnje. U okviru na\u0161e firme nalazi se kotlovsko postrojenje koje kao primarno gorivo za sagorevanje koristi slamu koja nastaje na na\u0161im poljima u procesima proizvodnje hrane za uzgoj \u017eivotinja na na\u0161im farmama.<\/p><p><strong>2. Tretman otpadnih voda<\/strong><\/p><p>Kompanija \u0110ur\u0111evi\u0107 poseduje moderan sistem za upravljanje i tretman otpadnih voda. Voda prolazi faze mehani\u010dkog, hemijskog i biolo\u0161kog pre\u010di\u0161\u0107avanja, a procenjena efikasnost ure\u0111aja za tretman otpadnih voda za 2021. godinu je 99% gledano u odnosu na sve ispitivane parametre. Sva otpadna voda se iz objekta nakon procesa odvajanja ne\u010disto\u0107a izliva u sopstveni ribnjak za tov \u0161arana, a pored toga koristi i se i za navodnjavanje okolnih poljoprivrednih povr\u0161ina.<\/p><p><strong>3. Recikla\u017ea<\/strong><\/p><p>U cilju o\u010duvanja \u017eivotne sredine na\u0161a firma poseban akcenat stavlja na proces recikliranja otpada i njegovo ponovno kori\u0161\u0107enje. Kako bi se ovaj proces \u0161to efikasnije odvijao vr\u0161imo separaciju i odlaganje otpada na mesta koja su za to predvi\u0111ena. Sav prikupljeni otpad predaje se ugovorom odre\u0111enim operaterima koji dalje vr\u0161e njegovu recikla\u017eu. Tako\u0111e prilikom odabira dobavlja\u010da ambala\u017enog materijala strogo se vodi ra\u010duna da je dostavljena ambala\u017ea poreklom od biorazgradivih materija.<\/p><p><strong>4. Transport i Logistika<\/strong><\/p><p>Posedujemo preko 40 specijalizovanih vozila za transport \u017eive stoke i mesa. Sva vozila su opremljena sa minimum EURO 5 motorom i prolaze redovne tehni\u010dke kontrole. Otpadna ulja i maziva kao i istro\u0161eni pneumatici se zbog svojih fiziko \u2013 hemijskih karakteristika tretiraju kao opasan otpad te je neophodno da se na adekvatan na\u010din skladi\u0161te i transportuju. Kako bi postupali u skladu sa zakonskom regulativom i eliminisali mogu\u0107nost zaga\u0111enja \u017eivotne sredine sva otpadna i ulja, maziva i istro\u0161eni pneumatici predaju se odgovornim kompanijama &#8211; operaterima koje vr\u0161e prikupljanje, transport, skladi\u0161tenje i recikla\u017eu ovih vrsta otpada.<\/p><p><strong>5. Upravljanje otpadom<\/strong><\/p><p>Neadekvatno upravljanje otpadom predstavlja jedan od najve\u0107ih problema i faktor koji zna\u010dajno uti\u010de na stanje \u017eivotne sredine u na\u0161oj zemlji. Upravo u cilju re\u0161avanja ovog problema kompanija \u0110ur\u0111evi\u0107 se bazira na prevenciju nastajanja otpada, re\u0161avanju problema otpada na samo mestu njegovog nastajanja, kao i odvajanju otpadnih materijala i neutralizaciji opasnog otpada. Da bi se postigla ve\u0107a efikasnost anga\u017eovali smo eksternu ku\u0107u koja nam prati kretanje otpada i dostavlja redovno godi\u0161nje izve\u0161taje o koli\u010dini ambala\u017ee stavljenoj u promet. Na ovaj na\u010din dobijamo ta\u010dne statisti\u010dke podatke o koli\u010dini generisanog otpada kao i njegovom toku kretanja, pa na osnovu njih mo\u017eemo da planiramo i realizujemo projekte kojima \u0107e na\u0161 sistem biti jo\u0161 efikasniji.<\/p>\t\t\t\t\t\t<\/div>\n\t\t\t\t<\/div>\n\t\t\t\t\t<\/div>\n\t\t<\/div>\n\t\t\t\t\t\t\t<\/div>\n\t\t<\/section>\n\t\t\t\t\t\t\t<\/div>\n\t\t","protected":false},"excerpt":{"rendered":"<p>Za\u0161tita resursa Za\u0161tita \u017eivotne sredine Strate\u0161ko opredeljenje kompanije \u0110ur\u0111evi\u0107 jeste za\u0161tita \u017eivotne sredine i o\u010duvanje resursa za generacije koje dolaze. Za\u0161tita resursa Za\u0161tita \u017eivotne sredine Strate\u0161ko opredeljenje kompanije \u0110ur\u0111evi\u0107 jeste za\u0161tita \u017eivotne sredine i o\u010duvanje resursa za generacije koje dolaze. Za\u0161tita resursa Za\u0161tita \u017eivotne sredineStrate\u0161ko opredeljenje kompanije \u0110ur\u0111evi\u0107 jeste za\u0161tita \u017eivotne sredine i o\u010duvanje resursa [&hellip;]<\/p>\n","protected":false},"author":1,"featured_media":0,"parent":0,"menu_order":0,"comment_status":"closed","ping_status":"closed","template":"","meta":{"footnotes":""},"class_list":["post-1579","page","type-page","status-publish","hentry"],"yoast_head":"<!-- This site is optimized with the Yoast SEO plugin v20.8 - https:\/\/yoast.com\/wordpress\/plugins\/seo\/ -->\n<title>Resource protection - IM - Djurdjevic<\/title>\n<meta name=\"robots\" content=\"index, follow, max-snippet:-1, max-image-preview:large, max-video-preview:-1\" \/>\n<link rel=\"canonical\" href=\"https:\/\/im-djurdjevic.com\/en\/resource-protection\/\" \/>\n<meta property=\"og:locale\" content=\"en_US\" \/>\n<meta property=\"og:type\" content=\"article\" \/>\n<meta property=\"og:title\" content=\"Resource protection - IM - Djurdjevic\" \/>\n<meta property=\"og:description\" content=\"Za\u0161tita resursa Za\u0161tita \u017eivotne sredine Strate\u0161ko opredeljenje kompanije \u0110ur\u0111evi\u0107 jeste za\u0161tita \u017eivotne sredine i o\u010duvanje resursa za generacije koje dolaze. Za\u0161tita resursa Za\u0161tita \u017eivotne sredine Strate\u0161ko opredeljenje kompanije \u0110ur\u0111evi\u0107 jeste za\u0161tita \u017eivotne sredine i o\u010duvanje resursa za generacije koje dolaze. Za\u0161tita resursa Za\u0161tita \u017eivotne sredineStrate\u0161ko opredeljenje kompanije \u0110ur\u0111evi\u0107 jeste za\u0161tita \u017eivotne sredine i o\u010duvanje resursa [&hellip;]\" \/>\n<meta property=\"og:url\" content=\"https:\/\/im-djurdjevic.com\/en\/resource-protection\/\" \/>\n<meta property=\"og:site_name\" content=\"IM - Djurdjevic\" \/>\n<meta property=\"article:modified_time\" content=\"2023-11-30T17:52:18+00:00\" \/>\n<meta name=\"twitter:card\" content=\"summary_large_image\" \/>\n<meta name=\"twitter:label1\" content=\"Est. reading time\" \/>\n\t<meta name=\"twitter:data1\" content=\"4 minutes\" \/>\n<script type=\"application\/ld+json\" class=\"yoast-schema-graph\">{\"@context\":\"https:\/\/schema.org\",\"@graph\":[{\"@type\":\"WebPage\",\"@id\":\"https:\/\/im-djurdjevic.com\/en\/resource-protection\/\",\"url\":\"https:\/\/im-djurdjevic.com\/en\/resource-protection\/\",\"name\":\"Resource protection - IM - Djurdjevic\",\"isPartOf\":{\"@id\":\"https:\/\/im-djurdjevic.com\/#website\"},\"datePublished\":\"2021-06-09T02:27:00+00:00\",\"dateModified\":\"2023-11-30T17:52:18+00:00\",\"inLanguage\":\"en-US\",\"potentialAction\":[{\"@type\":\"ReadAction\",\"target\":[\"https:\/\/im-djurdjevic.com\/en\/resource-protection\/\"]}]},{\"@type\":\"WebSite\",\"@id\":\"https:\/\/im-djurdjevic.com\/#website\",\"url\":\"https:\/\/im-djurdjevic.com\/\",\"name\":\"IM - Djurdjevic\",\"description\":\"Industrija mesa Djurdjevic\",\"publisher\":{\"@id\":\"https:\/\/im-djurdjevic.com\/#organization\"},\"potentialAction\":[{\"@type\":\"SearchAction\",\"target\":{\"@type\":\"EntryPoint\",\"urlTemplate\":\"https:\/\/im-djurdjevic.com\/?s={search_term_string}\"},\"query-input\":\"required name=search_term_string\"}],\"inLanguage\":\"en-US\"},{\"@type\":\"Organization\",\"@id\":\"https:\/\/im-djurdjevic.com\/#organization\",\"name\":\"Industrija mesa - Djurdjevic\",\"url\":\"https:\/\/im-djurdjevic.com\/\",\"logo\":{\"@type\":\"ImageObject\",\"inLanguage\":\"en-US\",\"@id\":\"https:\/\/im-djurdjevic.com\/#\/schema\/logo\/image\/\",\"url\":\"https:\/\/im-djurdjevic.globaldizajn.xyz\/wp-content\/uploads\/2022\/10\/Logo-Djurdjevic.png\",\"contentUrl\":\"https:\/\/im-djurdjevic.globaldizajn.xyz\/wp-content\/uploads\/2022\/10\/Logo-Djurdjevic.png\",\"width\":242,\"height\":100,\"caption\":\"Industrija mesa - Djurdjevic\"},\"image\":{\"@id\":\"https:\/\/im-djurdjevic.com\/#\/schema\/logo\/image\/\"}}]}<\/script>\n<!-- \/ Yoast SEO plugin. -->","yoast_head_json":{"title":"Resource protection - IM - Djurdjevic","robots":{"index":"index","follow":"follow","max-snippet":"max-snippet:-1","max-image-preview":"max-image-preview:large","max-video-preview":"max-video-preview:-1"},"canonical":"https:\/\/im-djurdjevic.com\/en\/resource-protection\/","og_locale":"en_US","og_type":"article","og_title":"Resource protection - IM - Djurdjevic","og_description":"Za\u0161tita resursa Za\u0161tita \u017eivotne sredine Strate\u0161ko opredeljenje kompanije \u0110ur\u0111evi\u0107 jeste za\u0161tita \u017eivotne sredine i o\u010duvanje resursa za generacije koje dolaze. Za\u0161tita resursa Za\u0161tita \u017eivotne sredine Strate\u0161ko opredeljenje kompanije \u0110ur\u0111evi\u0107 jeste za\u0161tita \u017eivotne sredine i o\u010duvanje resursa za generacije koje dolaze. Za\u0161tita resursa Za\u0161tita \u017eivotne sredineStrate\u0161ko opredeljenje kompanije \u0110ur\u0111evi\u0107 jeste za\u0161tita \u017eivotne sredine i o\u010duvanje resursa [&hellip;]","og_url":"https:\/\/im-djurdjevic.com\/en\/resource-protection\/","og_site_name":"IM - Djurdjevic","article_modified_time":"2023-11-30T17:52:18+00:00","twitter_card":"summary_large_image","twitter_misc":{"Est. reading time":"4 minutes"},"schema":{"@context":"https:\/\/schema.org","@graph":[{"@type":"WebPage","@id":"https:\/\/im-djurdjevic.com\/en\/resource-protection\/","url":"https:\/\/im-djurdjevic.com\/en\/resource-protection\/","name":"Resource protection - IM - Djurdjevic","isPartOf":{"@id":"https:\/\/im-djurdjevic.com\/#website"},"datePublished":"2021-06-09T02:27:00+00:00","dateModified":"2023-11-30T17:52:18+00:00","inLanguage":"en-US","potentialAction":[{"@type":"ReadAction","target":["https:\/\/im-djurdjevic.com\/en\/resource-protection\/"]}]},{"@type":"WebSite","@id":"https:\/\/im-djurdjevic.com\/#website","url":"https:\/\/im-djurdjevic.com\/","name":"IM - Djurdjevic","description":"Industrija mesa Djurdjevic","publisher":{"@id":"https:\/\/im-djurdjevic.com\/#organization"},"potentialAction":[{"@type":"SearchAction","target":{"@type":"EntryPoint","urlTemplate":"https:\/\/im-djurdjevic.com\/?s={search_term_string}"},"query-input":"required name=search_term_string"}],"inLanguage":"en-US"},{"@type":"Organization","@id":"https:\/\/im-djurdjevic.com\/#organization","name":"Industrija mesa - Djurdjevic","url":"https:\/\/im-djurdjevic.com\/","logo":{"@type":"ImageObject","inLanguage":"en-US","@id":"https:\/\/im-djurdjevic.com\/#\/schema\/logo\/image\/","url":"https:\/\/im-djurdjevic.globaldizajn.xyz\/wp-content\/uploads\/2022\/10\/Logo-Djurdjevic.png","contentUrl":"https:\/\/im-djurdjevic.globaldizajn.xyz\/wp-content\/uploads\/2022\/10\/Logo-Djurdjevic.png","width":242,"height":100,"caption":"Industrija mesa - Djurdjevic"},"image":{"@id":"https:\/\/im-djurdjevic.com\/#\/schema\/logo\/image\/"}}]}},"_links":{"self":[{"href":"https:\/\/im-djurdjevic.com\/en\/wp-json\/wp\/v2\/pages\/1579","targetHints":{"allow":["GET"]}}],"collection":[{"href":"https:\/\/im-djurdjevic.com\/en\/wp-json\/wp\/v2\/pages"}],"about":[{"href":"https:\/\/im-djurdjevic.com\/en\/wp-json\/wp\/v2\/types\/page"}],"author":[{"embeddable":true,"href":"https:\/\/im-djurdjevic.com\/en\/wp-json\/wp\/v2\/users\/1"}],"replies":[{"embeddable":true,"href":"https:\/\/im-djurdjevic.com\/en\/wp-json\/wp\/v2\/comments?post=1579"}],"version-history":[{"count":5,"href":"https:\/\/im-djurdjevic.com\/en\/wp-json\/wp\/v2\/pages\/1579\/revisions"}],"predecessor-version":[{"id":2242,"href":"https:\/\/im-djurdjevic.com\/en\/wp-json\/wp\/v2\/pages\/1579\/revisions\/2242"}],"wp:attachment":[{"href":"https:\/\/im-djurdjevic.com\/en\/wp-json\/wp\/v2\/media?parent=1579"}],"curies":[{"name":"wp","href":"https:\/\/api.w.org\/{rel}","templated":true}]}}