{"id":1589,"date":"2021-06-09T04:23:59","date_gmt":"2021-06-09T02:23:59","guid":{"rendered":"https:\/\/im-djurdjevic.globaldizajn.xyz\/kompanija\/o-nama\/"},"modified":"2023-11-30T17:43:33","modified_gmt":"2023-11-30T16:43:33","slug":"about-us","status":"publish","type":"page","link":"https:\/\/im-djurdjevic.com\/en\/company\/about-us\/","title":{"rendered":"About us"},"content":{"rendered":"\t\t<div data-elementor-type=\"wp-page\" data-elementor-id=\"1589\" class=\"elementor elementor-1589 elementor-81\">\n\t\t\t\t\t\t\t\t\t<section class=\"elementor-section elementor-top-section elementor-element elementor-element-20575e4f elementor-section-full_width elementor-section-height-default elementor-section-height-default\" data-id=\"20575e4f\" data-element_type=\"section\">\n\t\t\t\t\t\t<div class=\"elementor-container elementor-column-gap-no\">\n\t\t\t\t\t<div class=\"elementor-column elementor-col-100 elementor-top-column elementor-element elementor-element-67661e85\" data-id=\"67661e85\" data-element_type=\"column\">\n\t\t\t<div class=\"elementor-widget-wrap elementor-element-populated\">\n\t\t\t\t\t\t\t\t<div class=\"elementor-element elementor-element-27e2a035 elementor-align-left elementor-widget elementor-widget-bdevs-slider\" data-id=\"27e2a035\" data-element_type=\"widget\" data-widget_type=\"bdevs-slider.default\">\n\t\t\t\t<div class=\"elementor-widget-container\">\n\t\t\t  \n<section>\n\t    <div class=\"home-slider\">\n        <!-- partial:index.partial.html -->\n        <div class=\"hero-slider\" data-carousel>\n        \t            <div class=\"carousel-cell\" style=\"background-image:url(https:\/\/im-djurdjevic.com\/wp-content\/uploads\/2022\/11\/im-djurdjevic-4.jpg);\">\n                <div class=\"overlay\"><\/div>\n                <div class=\"container slider-caption\">\n                \t                    <h5 class=\"subtitle\">About us<\/h5>\n                                                            <h1>The \"\u0110ur\u0111evi\u0107\" meat industry<\/h1>\n                                                            <p>The \"\u0110ur\u0111evi\u0107\" meat industry, based in the work zone in Suboti\u0161te, Pe\u0107inci municipality, was founded in 1999, with the aim of always offering its customers quality, fresh and tasty products.<\/p>\n                                                        <\/div>\n                <div class=\"social-media\">\n                    <ul>\n                    \t                                                                                            <\/ul>\n                <\/div>\n            <\/div>\n                        <div class=\"carousel-cell\" style=\"background-image:url(https:\/\/im-djurdjevic.com\/wp-content\/uploads\/2022\/11\/im-djurdjevic-4.jpg);\">\n                <div class=\"overlay\"><\/div>\n                <div class=\"container slider-caption\">\n                \t                    <h5 class=\"subtitle\">About us<\/h5>\n                                                            <h1>The \"\u0110ur\u0111evi\u0107\" meat industry<\/h1>\n                                                            <p>The \"\u0110ur\u0111evi\u0107\" meat industry, based in the work zone in Suboti\u0161te, Pe\u0107inci municipality, was founded in 1999, with the aim of always offering its customers quality, fresh and tasty products.<\/p>\n                                                        <\/div>\n                <div class=\"social-media\">\n                    <ul>\n                    \t                                                                                            <\/ul>\n                <\/div>\n            <\/div>\n                        \n        <\/div>\n        <!-- partial -->\n    <\/div>\n    \n    <!--SLIDER END-->\n    <\/section>\n\t\t\t<\/div>\n\t\t\t\t<\/div>\n\t\t\t\t\t<\/div>\n\t\t<\/div>\n\t\t\t\t\t\t\t<\/div>\n\t\t<\/section>\n\t\t\t\t<section class=\"elementor-section elementor-top-section elementor-element elementor-element-50928ff8 elementor-section-boxed elementor-section-height-default elementor-section-height-default\" data-id=\"50928ff8\" data-element_type=\"section\">\n\t\t\t\t\t\t<div class=\"elementor-container elementor-column-gap-default\">\n\t\t\t\t\t<div class=\"elementor-column elementor-col-100 elementor-top-column elementor-element elementor-element-23531a54\" data-id=\"23531a54\" data-element_type=\"column\">\n\t\t\t<div class=\"elementor-widget-wrap elementor-element-populated\">\n\t\t\t\t\t\t\t\t<div class=\"elementor-element elementor-element-41a5d6d elementor-widget elementor-widget-shortcode\" data-id=\"41a5d6d\" data-element_type=\"widget\" data-widget_type=\"shortcode.default\">\n\t\t\t\t<div class=\"elementor-widget-container\">\n\t\t\t\t\t<div class=\"elementor-shortcode\"><\/div>\n\t\t\t\t<\/div>\n\t\t\t\t<\/div>\n\t\t\t\t\t<\/div>\n\t\t<\/div>\n\t\t\t\t\t\t\t<\/div>\n\t\t<\/section>\n\t\t\t\t<section class=\"elementor-section elementor-top-section elementor-element elementor-element-2bcdc4c5 elementor-section-boxed elementor-section-height-default elementor-section-height-default\" data-id=\"2bcdc4c5\" data-element_type=\"section\">\n\t\t\t\t\t\t<div class=\"elementor-container elementor-column-gap-default\">\n\t\t\t\t\t<div class=\"elementor-column elementor-col-100 elementor-top-column elementor-element elementor-element-70db91f8\" data-id=\"70db91f8\" data-element_type=\"column\">\n\t\t\t<div class=\"elementor-widget-wrap elementor-element-populated\">\n\t\t\t\t\t\t\t\t<div class=\"elementor-element elementor-element-57377b26 elementor-widget elementor-widget-heading\" data-id=\"57377b26\" data-element_type=\"widget\" data-widget_type=\"heading.default\">\n\t\t\t\t<div class=\"elementor-widget-container\">\n\t\t\t<style>\/*! elementor - v3.9.0 - 06-12-2022 *\/\n.elementor-heading-title{padding:0;margin:0;line-height:1}.elementor-widget-heading .elementor-heading-title[class*=elementor-size-]>a{color:inherit;font-size:inherit;line-height:inherit}.elementor-widget-heading .elementor-heading-title.elementor-size-small{font-size:15px}.elementor-widget-heading .elementor-heading-title.elementor-size-medium{font-size:19px}.elementor-widget-heading .elementor-heading-title.elementor-size-large{font-size:29px}.elementor-widget-heading .elementor-heading-title.elementor-size-xl{font-size:39px}.elementor-widget-heading .elementor-heading-title.elementor-size-xxl{font-size:59px}<\/style><h2 class=\"elementor-heading-title elementor-size-default\">About us<\/h2>\t\t<\/div>\n\t\t\t\t<\/div>\n\t\t\t\t\t<\/div>\n\t\t<\/div>\n\t\t\t\t\t\t\t<\/div>\n\t\t<\/section>\n\t\t\t\t<section class=\"elementor-section elementor-top-section elementor-element elementor-element-315ddaf elementor-section-boxed elementor-section-height-default elementor-section-height-default\" data-id=\"315ddaf\" data-element_type=\"section\">\n\t\t\t\t\t\t<div class=\"elementor-container elementor-column-gap-default\">\n\t\t\t\t\t<div class=\"elementor-column elementor-col-50 elementor-top-column elementor-element elementor-element-67c1690\" data-id=\"67c1690\" data-element_type=\"column\">\n\t\t\t<div class=\"elementor-widget-wrap elementor-element-populated\">\n\t\t\t\t\t\t\t\t<div class=\"elementor-element elementor-element-4bebb1d elementor-widget elementor-widget-text-editor\" data-id=\"4bebb1d\" data-element_type=\"widget\" data-widget_type=\"text-editor.default\">\n\t\t\t\t<div class=\"elementor-widget-container\">\n\t\t\t<style>\/*! elementor - v3.9.0 - 06-12-2022 *\/\n.elementor-widget-text-editor.elementor-drop-cap-view-stacked .elementor-drop-cap{background-color:#818a91;color:#fff}.elementor-widget-text-editor.elementor-drop-cap-view-framed .elementor-drop-cap{color:#818a91;border:3px solid;background-color:transparent}.elementor-widget-text-editor:not(.elementor-drop-cap-view-default) .elementor-drop-cap{margin-top:8px}.elementor-widget-text-editor:not(.elementor-drop-cap-view-default) .elementor-drop-cap-letter{width:1em;height:1em}.elementor-widget-text-editor .elementor-drop-cap{float:left;text-align:center;line-height:1;font-size:50px}.elementor-widget-text-editor .elementor-drop-cap-letter{display:inline-block}<\/style>\t\t\t\t<p>The &#8220;\u0110ur\u0111evi\u0107&#8221; meat industry, based in the work zone in Suboti\u0161te, Pe\u0107inci municipality, was founded in 1999, with the aim of always offering its customers quality, fresh and tasty products.<\/p><p>Within the company there is a newly built slaughterhouse, which started operating in 2004 . years. The Ministry of Agriculture, Forestry, and Water Management of the Republic of Serbia assigned this facility an export number, and the facility has the necessary work permits and meets all the regulations of the ISO standard. An extremely modern and up-to-date facility was created in which the top technologies of work and production were applied, the most modern equipment of industrial capacity, enables the daily slaughter of about 1000 pigs, 150 beef and 30 tons of processing, the &#8220;\u0110ur\u0111evi\u0107&#8221; meat industry produces and supplies about 400 tons per day on average of finished products, of which 95% is sold through mega markets, and the remaining 5% through our own modernly equipped retail facilities.<\/p>\t\t\t\t\t\t<\/div>\n\t\t\t\t<\/div>\n\t\t\t\t\t<\/div>\n\t\t<\/div>\n\t\t\t\t<div class=\"elementor-column elementor-col-50 elementor-top-column elementor-element elementor-element-bb4bf75\" data-id=\"bb4bf75\" data-element_type=\"column\">\n\t\t\t<div class=\"elementor-widget-wrap elementor-element-populated\">\n\t\t\t\t\t\t\t\t<div class=\"elementor-element elementor-element-5224cc4 elementor-widget elementor-widget-image\" data-id=\"5224cc4\" data-element_type=\"widget\" data-widget_type=\"image.default\">\n\t\t\t\t<div class=\"elementor-widget-container\">\n\t\t\t<style>\/*! elementor - v3.9.0 - 06-12-2022 *\/\n.elementor-widget-image{text-align:center}.elementor-widget-image a{display:inline-block}.elementor-widget-image a img[src$=\".svg\"]{width:48px}.elementor-widget-image img{vertical-align:middle;display:inline-block}<\/style>\t\t\t\t\t\t\t\t\t\t\t\t<img loading=\"lazy\" decoding=\"async\" width=\"900\" height=\"600\" src=\"https:\/\/im-djurdjevic.com\/wp-content\/uploads\/2022\/11\/dji_fly_20221007_102810_184_1665131425735_photo_optimized-1024x683.jpg\" class=\"attachment-large size-large wp-image-715\" alt=\"\" srcset=\"https:\/\/im-djurdjevic.com\/wp-content\/uploads\/2022\/11\/dji_fly_20221007_102810_184_1665131425735_photo_optimized-1024x683.jpg 1024w, https:\/\/im-djurdjevic.com\/wp-content\/uploads\/2022\/11\/dji_fly_20221007_102810_184_1665131425735_photo_optimized-300x200.jpg 300w, https:\/\/im-djurdjevic.com\/wp-content\/uploads\/2022\/11\/dji_fly_20221007_102810_184_1665131425735_photo_optimized-768x512.jpg 768w, https:\/\/im-djurdjevic.com\/wp-content\/uploads\/2022\/11\/dji_fly_20221007_102810_184_1665131425735_photo_optimized.jpg 1200w\" sizes=\"auto, (max-width: 900px) 100vw, 900px\" \/>\t\t\t\t\t\t\t\t\t\t\t\t\t\t\t<\/div>\n\t\t\t\t<\/div>\n\t\t\t\t\t<\/div>\n\t\t<\/div>\n\t\t\t\t\t\t\t<\/div>\n\t\t<\/section>\n\t\t\t\t<section class=\"elementor-section elementor-top-section elementor-element elementor-element-59a7fc7 elementor-section-boxed elementor-section-height-default elementor-section-height-default\" data-id=\"59a7fc7\" data-element_type=\"section\">\n\t\t\t\t\t\t<div class=\"elementor-container elementor-column-gap-default\">\n\t\t\t\t\t<div class=\"elementor-column elementor-col-100 elementor-top-column elementor-element elementor-element-095a111\" data-id=\"095a111\" data-element_type=\"column\">\n\t\t\t<div class=\"elementor-widget-wrap elementor-element-populated\">\n\t\t\t\t\t\t\t\t<div class=\"elementor-element elementor-element-dc7b1cf elementor-widget elementor-widget-text-editor\" data-id=\"dc7b1cf\" data-element_type=\"widget\" data-widget_type=\"text-editor.default\">\n\t\t\t\t<div class=\"elementor-widget-container\">\n\t\t\t\t\t\t\t<p>In processing and production, the proper conditions for performing registered activities are met, top technology and the most modern equipment are applied, with an industrial capacity that enables the daily processing of about 1000 pigs, 150 beef and 30 tons of processing .<\/p><p>The needs for cattle for slaughter are provided from our own farm where quality heads of cattle are raised, with respect to all zootechnical and scientific programs of genetics, selection of reproduction and breeding.<\/p><p>Special attention is paid to the quality and healthiness of the incoming raw materials, because this way we ensure the top quality of the final products, we also take great care of general hygiene, as well as work hygiene, and accredited laboratories perform regular microbiological and health analyses, as well as control of processing and work surfaces.<\/p><p>The entire production is organized in one place in production and storage facilities. A production hall of 15,000 m2 was built , a state-of-the-art facility equipped with top-of-the-line equipment, which ensures automated technological processes in the production and processing of meat and meat products.<\/p><p>Industije mesa &#8220;\u0110ur\u0111evi\u0107&#8221; operates in the desire to remain faithful to its basic qualities, to grow and develop in accordance with new world trends and to provide our customers with products of unique taste and craftsmanship from the centuries-old tradition of Srem.<\/p>\t\t\t\t\t\t<\/div>\n\t\t\t\t<\/div>\n\t\t\t\t\t<\/div>\n\t\t<\/div>\n\t\t\t\t\t\t\t<\/div>\n\t\t<\/section>\n\t\t\t\t\t\t\t<\/div>\n\t\t","protected":false},"excerpt":{"rendered":"<p>About us The &#8220;\u0110ur\u0111evi\u0107&#8221; meat industry The &#8220;\u0110ur\u0111evi\u0107&#8221; meat industry, based in the work zone in Suboti\u0161te, Pe\u0107inci municipality, was founded in 1999, with the aim of always offering its customers quality, fresh and tasty products. About us The &#8220;\u0110ur\u0111evi\u0107&#8221; meat industry The &#8220;\u0110ur\u0111evi\u0107&#8221; meat industry, based in the work zone in Suboti\u0161te, Pe\u0107inci municipality, [&hellip;]<\/p>\n","protected":false},"author":1,"featured_media":0,"parent":1575,"menu_order":0,"comment_status":"closed","ping_status":"closed","template":"","meta":{"footnotes":""},"class_list":["post-1589","page","type-page","status-publish","hentry"],"yoast_head":"<!-- This site is optimized with the Yoast SEO plugin v20.8 - https:\/\/yoast.com\/wordpress\/plugins\/seo\/ -->\n<title>About us - IM - Djurdjevic<\/title>\n<meta name=\"robots\" content=\"index, follow, max-snippet:-1, max-image-preview:large, max-video-preview:-1\" \/>\n<link rel=\"canonical\" href=\"https:\/\/im-djurdjevic.com\/en\/company\/about-us\/\" \/>\n<meta property=\"og:locale\" content=\"en_US\" \/>\n<meta property=\"og:type\" content=\"article\" \/>\n<meta property=\"og:title\" content=\"About us - IM - Djurdjevic\" \/>\n<meta property=\"og:description\" content=\"About us The &#8220;\u0110ur\u0111evi\u0107&#8221; meat industry The &#8220;\u0110ur\u0111evi\u0107&#8221; meat industry, based in the work zone in Suboti\u0161te, Pe\u0107inci municipality, was founded in 1999, with the aim of always offering its customers quality, fresh and tasty products. About us The &#8220;\u0110ur\u0111evi\u0107&#8221; meat industry The &#8220;\u0110ur\u0111evi\u0107&#8221; meat industry, based in the work zone in Suboti\u0161te, Pe\u0107inci municipality, [&hellip;]\" \/>\n<meta property=\"og:url\" content=\"https:\/\/im-djurdjevic.com\/en\/company\/about-us\/\" \/>\n<meta property=\"og:site_name\" content=\"IM - Djurdjevic\" \/>\n<meta property=\"article:modified_time\" content=\"2023-11-30T16:43:33+00:00\" \/>\n<meta property=\"og:image\" content=\"https:\/\/im-djurdjevic.com\/wp-content\/uploads\/2022\/11\/dji_fly_20221007_102810_184_1665131425735_photo_optimized-1024x683.jpg\" \/>\n<meta name=\"twitter:card\" content=\"summary_large_image\" \/>\n<meta name=\"twitter:label1\" content=\"Est. reading time\" \/>\n\t<meta name=\"twitter:data1\" content=\"3 minutes\" \/>\n<script type=\"application\/ld+json\" class=\"yoast-schema-graph\">{\"@context\":\"https:\/\/schema.org\",\"@graph\":[{\"@type\":\"WebPage\",\"@id\":\"https:\/\/im-djurdjevic.com\/en\/company\/about-us\/\",\"url\":\"https:\/\/im-djurdjevic.com\/en\/company\/about-us\/\",\"name\":\"About us - IM - Djurdjevic\",\"isPartOf\":{\"@id\":\"https:\/\/im-djurdjevic.com\/#website\"},\"datePublished\":\"2021-06-09T02:23:59+00:00\",\"dateModified\":\"2023-11-30T16:43:33+00:00\",\"breadcrumb\":{\"@id\":\"https:\/\/im-djurdjevic.com\/en\/company\/about-us\/#breadcrumb\"},\"inLanguage\":\"en-US\",\"potentialAction\":[{\"@type\":\"ReadAction\",\"target\":[\"https:\/\/im-djurdjevic.com\/en\/company\/about-us\/\"]}]},{\"@type\":\"BreadcrumbList\",\"@id\":\"https:\/\/im-djurdjevic.com\/en\/company\/about-us\/#breadcrumb\",\"itemListElement\":[{\"@type\":\"ListItem\",\"position\":1,\"name\":\"Company\",\"item\":\"https:\/\/im-djurdjevic.com\/en\/company\/\"},{\"@type\":\"ListItem\",\"position\":2,\"name\":\"About us\"}]},{\"@type\":\"WebSite\",\"@id\":\"https:\/\/im-djurdjevic.com\/#website\",\"url\":\"https:\/\/im-djurdjevic.com\/\",\"name\":\"IM - Djurdjevic\",\"description\":\"Industrija mesa Djurdjevic\",\"publisher\":{\"@id\":\"https:\/\/im-djurdjevic.com\/#organization\"},\"potentialAction\":[{\"@type\":\"SearchAction\",\"target\":{\"@type\":\"EntryPoint\",\"urlTemplate\":\"https:\/\/im-djurdjevic.com\/?s={search_term_string}\"},\"query-input\":\"required name=search_term_string\"}],\"inLanguage\":\"en-US\"},{\"@type\":\"Organization\",\"@id\":\"https:\/\/im-djurdjevic.com\/#organization\",\"name\":\"Industrija mesa - Djurdjevic\",\"url\":\"https:\/\/im-djurdjevic.com\/\",\"logo\":{\"@type\":\"ImageObject\",\"inLanguage\":\"en-US\",\"@id\":\"https:\/\/im-djurdjevic.com\/#\/schema\/logo\/image\/\",\"url\":\"https:\/\/im-djurdjevic.globaldizajn.xyz\/wp-content\/uploads\/2022\/10\/Logo-Djurdjevic.png\",\"contentUrl\":\"https:\/\/im-djurdjevic.globaldizajn.xyz\/wp-content\/uploads\/2022\/10\/Logo-Djurdjevic.png\",\"width\":242,\"height\":100,\"caption\":\"Industrija mesa - Djurdjevic\"},\"image\":{\"@id\":\"https:\/\/im-djurdjevic.com\/#\/schema\/logo\/image\/\"}}]}<\/script>\n<!-- \/ Yoast SEO plugin. -->","yoast_head_json":{"title":"About us - IM - Djurdjevic","robots":{"index":"index","follow":"follow","max-snippet":"max-snippet:-1","max-image-preview":"max-image-preview:large","max-video-preview":"max-video-preview:-1"},"canonical":"https:\/\/im-djurdjevic.com\/en\/company\/about-us\/","og_locale":"en_US","og_type":"article","og_title":"About us - IM - Djurdjevic","og_description":"About us The &#8220;\u0110ur\u0111evi\u0107&#8221; meat industry The &#8220;\u0110ur\u0111evi\u0107&#8221; meat industry, based in the work zone in Suboti\u0161te, Pe\u0107inci municipality, was founded in 1999, with the aim of always offering its customers quality, fresh and tasty products. About us The &#8220;\u0110ur\u0111evi\u0107&#8221; meat industry The &#8220;\u0110ur\u0111evi\u0107&#8221; meat industry, based in the work zone in Suboti\u0161te, Pe\u0107inci municipality, [&hellip;]","og_url":"https:\/\/im-djurdjevic.com\/en\/company\/about-us\/","og_site_name":"IM - Djurdjevic","article_modified_time":"2023-11-30T16:43:33+00:00","og_image":[{"url":"https:\/\/im-djurdjevic.com\/wp-content\/uploads\/2022\/11\/dji_fly_20221007_102810_184_1665131425735_photo_optimized-1024x683.jpg"}],"twitter_card":"summary_large_image","twitter_misc":{"Est. reading time":"3 minutes"},"schema":{"@context":"https:\/\/schema.org","@graph":[{"@type":"WebPage","@id":"https:\/\/im-djurdjevic.com\/en\/company\/about-us\/","url":"https:\/\/im-djurdjevic.com\/en\/company\/about-us\/","name":"About us - IM - Djurdjevic","isPartOf":{"@id":"https:\/\/im-djurdjevic.com\/#website"},"datePublished":"2021-06-09T02:23:59+00:00","dateModified":"2023-11-30T16:43:33+00:00","breadcrumb":{"@id":"https:\/\/im-djurdjevic.com\/en\/company\/about-us\/#breadcrumb"},"inLanguage":"en-US","potentialAction":[{"@type":"ReadAction","target":["https:\/\/im-djurdjevic.com\/en\/company\/about-us\/"]}]},{"@type":"BreadcrumbList","@id":"https:\/\/im-djurdjevic.com\/en\/company\/about-us\/#breadcrumb","itemListElement":[{"@type":"ListItem","position":1,"name":"Company","item":"https:\/\/im-djurdjevic.com\/en\/company\/"},{"@type":"ListItem","position":2,"name":"About us"}]},{"@type":"WebSite","@id":"https:\/\/im-djurdjevic.com\/#website","url":"https:\/\/im-djurdjevic.com\/","name":"IM - Djurdjevic","description":"Industrija mesa Djurdjevic","publisher":{"@id":"https:\/\/im-djurdjevic.com\/#organization"},"potentialAction":[{"@type":"SearchAction","target":{"@type":"EntryPoint","urlTemplate":"https:\/\/im-djurdjevic.com\/?s={search_term_string}"},"query-input":"required name=search_term_string"}],"inLanguage":"en-US"},{"@type":"Organization","@id":"https:\/\/im-djurdjevic.com\/#organization","name":"Industrija mesa - Djurdjevic","url":"https:\/\/im-djurdjevic.com\/","logo":{"@type":"ImageObject","inLanguage":"en-US","@id":"https:\/\/im-djurdjevic.com\/#\/schema\/logo\/image\/","url":"https:\/\/im-djurdjevic.globaldizajn.xyz\/wp-content\/uploads\/2022\/10\/Logo-Djurdjevic.png","contentUrl":"https:\/\/im-djurdjevic.globaldizajn.xyz\/wp-content\/uploads\/2022\/10\/Logo-Djurdjevic.png","width":242,"height":100,"caption":"Industrija mesa - Djurdjevic"},"image":{"@id":"https:\/\/im-djurdjevic.com\/#\/schema\/logo\/image\/"}}]}},"_links":{"self":[{"href":"https:\/\/im-djurdjevic.com\/en\/wp-json\/wp\/v2\/pages\/1589","targetHints":{"allow":["GET"]}}],"collection":[{"href":"https:\/\/im-djurdjevic.com\/en\/wp-json\/wp\/v2\/pages"}],"about":[{"href":"https:\/\/im-djurdjevic.com\/en\/wp-json\/wp\/v2\/types\/page"}],"author":[{"embeddable":true,"href":"https:\/\/im-djurdjevic.com\/en\/wp-json\/wp\/v2\/users\/1"}],"replies":[{"embeddable":true,"href":"https:\/\/im-djurdjevic.com\/en\/wp-json\/wp\/v2\/comments?post=1589"}],"version-history":[{"count":20,"href":"https:\/\/im-djurdjevic.com\/en\/wp-json\/wp\/v2\/pages\/1589\/revisions"}],"predecessor-version":[{"id":2188,"href":"https:\/\/im-djurdjevic.com\/en\/wp-json\/wp\/v2\/pages\/1589\/revisions\/2188"}],"up":[{"embeddable":true,"href":"https:\/\/im-djurdjevic.com\/en\/wp-json\/wp\/v2\/pages\/1575"}],"wp:attachment":[{"href":"https:\/\/im-djurdjevic.com\/en\/wp-json\/wp\/v2\/media?parent=1589"}],"curies":[{"name":"wp","href":"https:\/\/api.w.org\/{rel}","templated":true}]}}