{"id":1620,"date":"2022-11-01T01:48:39","date_gmt":"2022-11-01T00:48:39","guid":{"rendered":"https:\/\/im-djurdjevic.globaldizajn.xyz\/kompanija\/drustvena-briga\/"},"modified":"2023-11-30T17:52:09","modified_gmt":"2023-11-30T16:52:09","slug":"social-concern","status":"publish","type":"page","link":"https:\/\/im-djurdjevic.com\/en\/company\/social-concern\/","title":{"rendered":"Social concern"},"content":{"rendered":"\t\t<div data-elementor-type=\"wp-page\" data-elementor-id=\"1620\" class=\"elementor elementor-1620 elementor-774\">\n\t\t\t\t\t\t\t\t\t<section class=\"elementor-section elementor-top-section elementor-element elementor-element-20575e4f elementor-section-full_width elementor-section-height-default elementor-section-height-default\" data-id=\"20575e4f\" data-element_type=\"section\">\n\t\t\t\t\t\t<div class=\"elementor-container elementor-column-gap-no\">\n\t\t\t\t\t<div class=\"elementor-column elementor-col-100 elementor-top-column elementor-element elementor-element-67661e85\" data-id=\"67661e85\" data-element_type=\"column\">\n\t\t\t<div class=\"elementor-widget-wrap elementor-element-populated\">\n\t\t\t\t\t\t\t\t<div class=\"elementor-element elementor-element-27e2a035 elementor-align-left elementor-widget elementor-widget-bdevs-slider\" data-id=\"27e2a035\" data-element_type=\"widget\" data-widget_type=\"bdevs-slider.default\">\n\t\t\t\t<div class=\"elementor-widget-container\">\n\t\t\t  \n<section>\n\t    <div class=\"home-slider\">\n        <!-- partial:index.partial.html -->\n        <div class=\"hero-slider\" data-carousel>\n        \t            <div class=\"carousel-cell\" style=\"background-image:url(https:\/\/im-djurdjevic.com\/wp-content\/uploads\/2022\/11\/slid005.jpg);\">\n                <div class=\"overlay\"><\/div>\n                <div class=\"container slider-caption\">\n                \t                                        <h1>Social concern<\/h1>\n                                                            <p>Every day, we devote care and attach importance to socially responsible business, and as a conscientious and socially responsible member of the community in which we operate, we try to set aside part of our funds for humanitarian and sponsorship purposes.<\/p>\n                                                        <\/div>\n                <div class=\"social-media\">\n                    <ul>\n                    \t                                                                                            <\/ul>\n                <\/div>\n            <\/div>\n                        <div class=\"carousel-cell\" style=\"background-image:url(https:\/\/im-djurdjevic.com\/wp-content\/uploads\/2022\/11\/slid005.jpg);\">\n                <div class=\"overlay\"><\/div>\n                <div class=\"container slider-caption\">\n                \t                                        <h1>Social concern<\/h1>\n                                                            <p>Every day, we devote care and attach importance to socially responsible business, and as a conscientious and socially responsible member of the community in which we operate, we try to set aside part of our funds for humanitarian and sponsorship purposes.<\/p>\n                                                        <\/div>\n                <div class=\"social-media\">\n                    <ul>\n                    \t                                                                                            <\/ul>\n                <\/div>\n            <\/div>\n                        \n        <\/div>\n        <!-- partial -->\n    <\/div>\n    \n    <!--SLIDER END-->\n    <\/section>\n\t\t\t<\/div>\n\t\t\t\t<\/div>\n\t\t\t\t\t<\/div>\n\t\t<\/div>\n\t\t\t\t\t\t\t<\/div>\n\t\t<\/section>\n\t\t\t\t<section class=\"elementor-section elementor-top-section elementor-element elementor-element-50928ff8 elementor-section-boxed elementor-section-height-default elementor-section-height-default\" data-id=\"50928ff8\" data-element_type=\"section\">\n\t\t\t\t\t\t<div class=\"elementor-container elementor-column-gap-default\">\n\t\t\t\t\t<div class=\"elementor-column elementor-col-100 elementor-top-column elementor-element elementor-element-23531a54\" data-id=\"23531a54\" data-element_type=\"column\">\n\t\t\t<div class=\"elementor-widget-wrap elementor-element-populated\">\n\t\t\t\t\t\t\t\t<div class=\"elementor-element elementor-element-41a5d6d elementor-widget elementor-widget-shortcode\" data-id=\"41a5d6d\" data-element_type=\"widget\" data-widget_type=\"shortcode.default\">\n\t\t\t\t<div class=\"elementor-widget-container\">\n\t\t\t\t\t<div class=\"elementor-shortcode\"><\/div>\n\t\t\t\t<\/div>\n\t\t\t\t<\/div>\n\t\t\t\t\t<\/div>\n\t\t<\/div>\n\t\t\t\t\t\t\t<\/div>\n\t\t<\/section>\n\t\t\t\t<section class=\"elementor-section elementor-top-section elementor-element elementor-element-2bcdc4c5 elementor-section-boxed elementor-section-height-default elementor-section-height-default\" data-id=\"2bcdc4c5\" data-element_type=\"section\">\n\t\t\t\t\t\t<div class=\"elementor-container elementor-column-gap-default\">\n\t\t\t\t\t<div class=\"elementor-column elementor-col-100 elementor-top-column elementor-element elementor-element-70db91f8\" data-id=\"70db91f8\" data-element_type=\"column\">\n\t\t\t<div class=\"elementor-widget-wrap elementor-element-populated\">\n\t\t\t\t\t\t\t\t<div class=\"elementor-element elementor-element-57377b26 elementor-widget elementor-widget-heading\" data-id=\"57377b26\" data-element_type=\"widget\" data-widget_type=\"heading.default\">\n\t\t\t\t<div class=\"elementor-widget-container\">\n\t\t\t<style>\/*! elementor - v3.9.0 - 06-12-2022 *\/\n.elementor-heading-title{padding:0;margin:0;line-height:1}.elementor-widget-heading .elementor-heading-title[class*=elementor-size-]>a{color:inherit;font-size:inherit;line-height:inherit}.elementor-widget-heading .elementor-heading-title.elementor-size-small{font-size:15px}.elementor-widget-heading .elementor-heading-title.elementor-size-medium{font-size:19px}.elementor-widget-heading .elementor-heading-title.elementor-size-large{font-size:29px}.elementor-widget-heading .elementor-heading-title.elementor-size-xl{font-size:39px}.elementor-widget-heading .elementor-heading-title.elementor-size-xxl{font-size:59px}<\/style><h2 class=\"elementor-heading-title elementor-size-default\">Social concern\n<\/h2>\t\t<\/div>\n\t\t\t\t<\/div>\n\t\t\t\t\t<\/div>\n\t\t<\/div>\n\t\t\t\t\t\t\t<\/div>\n\t\t<\/section>\n\t\t\t\t<section class=\"elementor-section elementor-top-section elementor-element elementor-element-59a7fc7 elementor-section-boxed elementor-section-height-default elementor-section-height-default\" data-id=\"59a7fc7\" data-element_type=\"section\">\n\t\t\t\t\t\t<div class=\"elementor-container elementor-column-gap-default\">\n\t\t\t\t\t<div class=\"elementor-column elementor-col-100 elementor-top-column elementor-element elementor-element-095a111\" data-id=\"095a111\" data-element_type=\"column\">\n\t\t\t<div class=\"elementor-widget-wrap elementor-element-populated\">\n\t\t\t\t\t\t\t\t<div class=\"elementor-element elementor-element-dc7b1cf elementor-widget elementor-widget-text-editor\" data-id=\"dc7b1cf\" data-element_type=\"widget\" data-widget_type=\"text-editor.default\">\n\t\t\t\t<div class=\"elementor-widget-container\">\n\t\t\t<style>\/*! elementor - v3.9.0 - 06-12-2022 *\/\n.elementor-widget-text-editor.elementor-drop-cap-view-stacked .elementor-drop-cap{background-color:#818a91;color:#fff}.elementor-widget-text-editor.elementor-drop-cap-view-framed .elementor-drop-cap{color:#818a91;border:3px solid;background-color:transparent}.elementor-widget-text-editor:not(.elementor-drop-cap-view-default) .elementor-drop-cap{margin-top:8px}.elementor-widget-text-editor:not(.elementor-drop-cap-view-default) .elementor-drop-cap-letter{width:1em;height:1em}.elementor-widget-text-editor .elementor-drop-cap{float:left;text-align:center;line-height:1;font-size:50px}.elementor-widget-text-editor .elementor-drop-cap-letter{display:inline-block}<\/style>\t\t\t\t<p><span>Every day, we devote care and attach importance to socially responsible business, and as a conscientious and socially responsible member of the community in which we operate, we try to set aside part of our funds for humanitarian and sponsorship purposes.<\/span><\/p><p><span>The &#8220;\u0110ur\u0111evi\u0107&#8221; meat industry is always very happy to respond to humanitarian actions, and we are a permanent patron of the Home for neglected children in Srem\u010dica and organizers of donor evenings where money is raised for the restoration of Orthodox cultural monuments.<\/span><\/p><p><span>We invest in sports because we are aware that a healthy, creative environment and proper nutrition are the basis for quality life and development.\u00a0Combining traditional values \u200b\u200band modern trends, we encourage the development of villages and pay great attention to the preservation and protection of the environment, the use of energy from renewable sources, maintenance is carried out in accordance with the foundations of environmental protection, as well as the welfare of farm animals.<\/span><\/p>\t\t\t\t\t\t<\/div>\n\t\t\t\t<\/div>\n\t\t\t\t\t<\/div>\n\t\t<\/div>\n\t\t\t\t\t\t\t<\/div>\n\t\t<\/section>\n\t\t\t\t<section class=\"elementor-section elementor-top-section elementor-element elementor-element-a18edda elementor-section-boxed elementor-section-height-default elementor-section-height-default\" data-id=\"a18edda\" data-element_type=\"section\">\n\t\t\t\t\t\t<div class=\"elementor-container elementor-column-gap-default\">\n\t\t\t\t\t<div class=\"elementor-column elementor-col-100 elementor-top-column elementor-element elementor-element-53a68ff\" data-id=\"53a68ff\" data-element_type=\"column\">\n\t\t\t<div class=\"elementor-widget-wrap elementor-element-populated\">\n\t\t\t\t\t\t\t\t<div class=\"elementor-element elementor-element-5cb0521 elementor-align-center elementor-widget elementor-widget-button\" data-id=\"5cb0521\" data-element_type=\"widget\" data-widget_type=\"button.default\">\n\t\t\t\t<div class=\"elementor-widget-container\">\n\t\t\t\t\t<div class=\"elementor-button-wrapper\">\n\t\t\t<a href=\"\/wp-content\/uploads\/2022\/11\/Politika-EMS.pdf\" target=\"_blank\" class=\"elementor-button-link elementor-button elementor-size-lg\" role=\"button\">\n\t\t\t\t\t\t<span class=\"elementor-button-content-wrapper\">\n\t\t\t\t\t\t\t<span class=\"elementor-button-icon elementor-align-icon-right\">\n\t\t\t\t<i aria-hidden=\"true\" class=\"far fa-file-pdf\"><\/i>\t\t\t<\/span>\n\t\t\t\t\t\t<span class=\"elementor-button-text\">Politika za\u0161tite \u017eivotne sredine<\/span>\n\t\t<\/span>\n\t\t\t\t\t<\/a>\n\t\t<\/div>\n\t\t\t\t<\/div>\n\t\t\t\t<\/div>\n\t\t\t\t\t<\/div>\n\t\t<\/div>\n\t\t\t\t\t\t\t<\/div>\n\t\t<\/section>\n\t\t\t\t\t\t\t<\/div>\n\t\t","protected":false},"excerpt":{"rendered":"<p>Social concern Every day, we devote care and attach importance to socially responsible business, and as a conscientious and socially responsible member of the community in which we operate, we try to set aside part of our funds for humanitarian and sponsorship purposes. Social concern Every day, we devote care and attach importance to socially [&hellip;]<\/p>\n","protected":false},"author":1,"featured_media":0,"parent":1575,"menu_order":0,"comment_status":"closed","ping_status":"closed","template":"","meta":{"footnotes":""},"class_list":["post-1620","page","type-page","status-publish","hentry"],"yoast_head":"<!-- This site is optimized with the Yoast SEO plugin v20.8 - https:\/\/yoast.com\/wordpress\/plugins\/seo\/ -->\n<title>Social concern - IM - Djurdjevic<\/title>\n<meta name=\"robots\" content=\"index, follow, max-snippet:-1, max-image-preview:large, max-video-preview:-1\" \/>\n<link rel=\"canonical\" href=\"https:\/\/im-djurdjevic.com\/en\/company\/social-concern\/\" \/>\n<meta property=\"og:locale\" content=\"en_US\" \/>\n<meta property=\"og:type\" content=\"article\" \/>\n<meta property=\"og:title\" content=\"Social concern - IM - Djurdjevic\" \/>\n<meta property=\"og:description\" content=\"Social concern Every day, we devote care and attach importance to socially responsible business, and as a conscientious and socially responsible member of the community in which we operate, we try to set aside part of our funds for humanitarian and sponsorship purposes. Social concern Every day, we devote care and attach importance to socially [&hellip;]\" \/>\n<meta property=\"og:url\" content=\"https:\/\/im-djurdjevic.com\/en\/company\/social-concern\/\" \/>\n<meta property=\"og:site_name\" content=\"IM - Djurdjevic\" \/>\n<meta property=\"article:modified_time\" content=\"2023-11-30T16:52:09+00:00\" \/>\n<meta name=\"twitter:card\" content=\"summary_large_image\" \/>\n<meta name=\"twitter:label1\" content=\"Est. reading time\" \/>\n\t<meta name=\"twitter:data1\" content=\"2 minutes\" \/>\n<script type=\"application\/ld+json\" class=\"yoast-schema-graph\">{\"@context\":\"https:\/\/schema.org\",\"@graph\":[{\"@type\":\"WebPage\",\"@id\":\"https:\/\/im-djurdjevic.com\/en\/company\/social-concern\/\",\"url\":\"https:\/\/im-djurdjevic.com\/en\/company\/social-concern\/\",\"name\":\"Social concern - IM - Djurdjevic\",\"isPartOf\":{\"@id\":\"https:\/\/im-djurdjevic.com\/#website\"},\"datePublished\":\"2022-11-01T00:48:39+00:00\",\"dateModified\":\"2023-11-30T16:52:09+00:00\",\"breadcrumb\":{\"@id\":\"https:\/\/im-djurdjevic.com\/en\/company\/social-concern\/#breadcrumb\"},\"inLanguage\":\"en-US\",\"potentialAction\":[{\"@type\":\"ReadAction\",\"target\":[\"https:\/\/im-djurdjevic.com\/en\/company\/social-concern\/\"]}]},{\"@type\":\"BreadcrumbList\",\"@id\":\"https:\/\/im-djurdjevic.com\/en\/company\/social-concern\/#breadcrumb\",\"itemListElement\":[{\"@type\":\"ListItem\",\"position\":1,\"name\":\"Company\",\"item\":\"https:\/\/im-djurdjevic.com\/en\/company\/\"},{\"@type\":\"ListItem\",\"position\":2,\"name\":\"Social concern\"}]},{\"@type\":\"WebSite\",\"@id\":\"https:\/\/im-djurdjevic.com\/#website\",\"url\":\"https:\/\/im-djurdjevic.com\/\",\"name\":\"IM - Djurdjevic\",\"description\":\"Industrija mesa Djurdjevic\",\"publisher\":{\"@id\":\"https:\/\/im-djurdjevic.com\/#organization\"},\"potentialAction\":[{\"@type\":\"SearchAction\",\"target\":{\"@type\":\"EntryPoint\",\"urlTemplate\":\"https:\/\/im-djurdjevic.com\/?s={search_term_string}\"},\"query-input\":\"required name=search_term_string\"}],\"inLanguage\":\"en-US\"},{\"@type\":\"Organization\",\"@id\":\"https:\/\/im-djurdjevic.com\/#organization\",\"name\":\"Industrija mesa - Djurdjevic\",\"url\":\"https:\/\/im-djurdjevic.com\/\",\"logo\":{\"@type\":\"ImageObject\",\"inLanguage\":\"en-US\",\"@id\":\"https:\/\/im-djurdjevic.com\/#\/schema\/logo\/image\/\",\"url\":\"https:\/\/im-djurdjevic.globaldizajn.xyz\/wp-content\/uploads\/2022\/10\/Logo-Djurdjevic.png\",\"contentUrl\":\"https:\/\/im-djurdjevic.globaldizajn.xyz\/wp-content\/uploads\/2022\/10\/Logo-Djurdjevic.png\",\"width\":242,\"height\":100,\"caption\":\"Industrija mesa - Djurdjevic\"},\"image\":{\"@id\":\"https:\/\/im-djurdjevic.com\/#\/schema\/logo\/image\/\"}}]}<\/script>\n<!-- \/ Yoast SEO plugin. -->","yoast_head_json":{"title":"Social concern - IM - Djurdjevic","robots":{"index":"index","follow":"follow","max-snippet":"max-snippet:-1","max-image-preview":"max-image-preview:large","max-video-preview":"max-video-preview:-1"},"canonical":"https:\/\/im-djurdjevic.com\/en\/company\/social-concern\/","og_locale":"en_US","og_type":"article","og_title":"Social concern - IM - Djurdjevic","og_description":"Social concern Every day, we devote care and attach importance to socially responsible business, and as a conscientious and socially responsible member of the community in which we operate, we try to set aside part of our funds for humanitarian and sponsorship purposes. Social concern Every day, we devote care and attach importance to socially [&hellip;]","og_url":"https:\/\/im-djurdjevic.com\/en\/company\/social-concern\/","og_site_name":"IM - Djurdjevic","article_modified_time":"2023-11-30T16:52:09+00:00","twitter_card":"summary_large_image","twitter_misc":{"Est. reading time":"2 minutes"},"schema":{"@context":"https:\/\/schema.org","@graph":[{"@type":"WebPage","@id":"https:\/\/im-djurdjevic.com\/en\/company\/social-concern\/","url":"https:\/\/im-djurdjevic.com\/en\/company\/social-concern\/","name":"Social concern - IM - Djurdjevic","isPartOf":{"@id":"https:\/\/im-djurdjevic.com\/#website"},"datePublished":"2022-11-01T00:48:39+00:00","dateModified":"2023-11-30T16:52:09+00:00","breadcrumb":{"@id":"https:\/\/im-djurdjevic.com\/en\/company\/social-concern\/#breadcrumb"},"inLanguage":"en-US","potentialAction":[{"@type":"ReadAction","target":["https:\/\/im-djurdjevic.com\/en\/company\/social-concern\/"]}]},{"@type":"BreadcrumbList","@id":"https:\/\/im-djurdjevic.com\/en\/company\/social-concern\/#breadcrumb","itemListElement":[{"@type":"ListItem","position":1,"name":"Company","item":"https:\/\/im-djurdjevic.com\/en\/company\/"},{"@type":"ListItem","position":2,"name":"Social concern"}]},{"@type":"WebSite","@id":"https:\/\/im-djurdjevic.com\/#website","url":"https:\/\/im-djurdjevic.com\/","name":"IM - Djurdjevic","description":"Industrija mesa Djurdjevic","publisher":{"@id":"https:\/\/im-djurdjevic.com\/#organization"},"potentialAction":[{"@type":"SearchAction","target":{"@type":"EntryPoint","urlTemplate":"https:\/\/im-djurdjevic.com\/?s={search_term_string}"},"query-input":"required name=search_term_string"}],"inLanguage":"en-US"},{"@type":"Organization","@id":"https:\/\/im-djurdjevic.com\/#organization","name":"Industrija mesa - Djurdjevic","url":"https:\/\/im-djurdjevic.com\/","logo":{"@type":"ImageObject","inLanguage":"en-US","@id":"https:\/\/im-djurdjevic.com\/#\/schema\/logo\/image\/","url":"https:\/\/im-djurdjevic.globaldizajn.xyz\/wp-content\/uploads\/2022\/10\/Logo-Djurdjevic.png","contentUrl":"https:\/\/im-djurdjevic.globaldizajn.xyz\/wp-content\/uploads\/2022\/10\/Logo-Djurdjevic.png","width":242,"height":100,"caption":"Industrija mesa - Djurdjevic"},"image":{"@id":"https:\/\/im-djurdjevic.com\/#\/schema\/logo\/image\/"}}]}},"_links":{"self":[{"href":"https:\/\/im-djurdjevic.com\/en\/wp-json\/wp\/v2\/pages\/1620","targetHints":{"allow":["GET"]}}],"collection":[{"href":"https:\/\/im-djurdjevic.com\/en\/wp-json\/wp\/v2\/pages"}],"about":[{"href":"https:\/\/im-djurdjevic.com\/en\/wp-json\/wp\/v2\/types\/page"}],"author":[{"embeddable":true,"href":"https:\/\/im-djurdjevic.com\/en\/wp-json\/wp\/v2\/users\/1"}],"replies":[{"embeddable":true,"href":"https:\/\/im-djurdjevic.com\/en\/wp-json\/wp\/v2\/comments?post=1620"}],"version-history":[{"count":14,"href":"https:\/\/im-djurdjevic.com\/en\/wp-json\/wp\/v2\/pages\/1620\/revisions"}],"predecessor-version":[{"id":2200,"href":"https:\/\/im-djurdjevic.com\/en\/wp-json\/wp\/v2\/pages\/1620\/revisions\/2200"}],"up":[{"embeddable":true,"href":"https:\/\/im-djurdjevic.com\/en\/wp-json\/wp\/v2\/pages\/1575"}],"wp:attachment":[{"href":"https:\/\/im-djurdjevic.com\/en\/wp-json\/wp\/v2\/media?parent=1620"}],"curies":[{"name":"wp","href":"https:\/\/api.w.org\/{rel}","templated":true}]}}