{"id":1664,"date":"2022-11-02T00:33:42","date_gmt":"2022-11-01T23:33:42","guid":{"rendered":"https:\/\/im-djurdjevic.globaldizajn.xyz\/kompanija\/farma\/"},"modified":"2023-11-30T18:25:54","modified_gmt":"2023-11-30T17:25:54","slug":"the-farm","status":"publish","type":"page","link":"https:\/\/im-djurdjevic.com\/en\/company\/the-farm\/","title":{"rendered":"The farm"},"content":{"rendered":"\t\t<div data-elementor-type=\"wp-page\" data-elementor-id=\"1664\" class=\"elementor elementor-1664 elementor-1382\">\n\t\t\t\t\t\t\t\t\t<section class=\"elementor-section elementor-top-section elementor-element elementor-element-20575e4f elementor-section-full_width elementor-section-height-default elementor-section-height-default\" data-id=\"20575e4f\" data-element_type=\"section\">\n\t\t\t\t\t\t<div class=\"elementor-container elementor-column-gap-no\">\n\t\t\t\t\t<div class=\"elementor-column elementor-col-100 elementor-top-column elementor-element elementor-element-67661e85\" data-id=\"67661e85\" data-element_type=\"column\">\n\t\t\t<div class=\"elementor-widget-wrap elementor-element-populated\">\n\t\t\t\t\t\t\t\t<div class=\"elementor-element elementor-element-27e2a035 elementor-align-left elementor-widget elementor-widget-bdevs-slider\" data-id=\"27e2a035\" data-element_type=\"widget\" data-widget_type=\"bdevs-slider.default\">\n\t\t\t\t<div class=\"elementor-widget-container\">\n\t\t\t  \n<section>\n\t    <div class=\"home-slider\">\n        <!-- partial:index.partial.html -->\n        <div class=\"hero-slider\" data-carousel>\n        \t            <div class=\"carousel-cell\" style=\"background-image:url(https:\/\/im-djurdjevic.com\/wp-content\/uploads\/2022\/11\/slide-7a.jpg);\">\n                <div class=\"overlay\"><\/div>\n                <div class=\"container slider-caption\">\n                \t                                        <h1>The farm<\/h1>\n                                                            <p>On our farm, the entire production is focused on the quality of the meat, because we strive to become a recognizable brand for the quality and composition of the meat.<\/p>\n                                                        <\/div>\n                <div class=\"social-media\">\n                    <ul>\n                    \t                                                                                            <\/ul>\n                <\/div>\n            <\/div>\n                        <div class=\"carousel-cell\" style=\"background-image:url(https:\/\/im-djurdjevic.com\/wp-content\/uploads\/2022\/11\/farma2.jpg);\">\n                <div class=\"overlay\"><\/div>\n                <div class=\"container slider-caption\">\n                \t                                        <h1>The farm<\/h1>\n                                                            <p>On our farm, the entire production is focused on the quality of the meat, because we strive to become a recognizable brand for the quality and composition of the meat.<\/p>\n                                                        <\/div>\n                <div class=\"social-media\">\n                    <ul>\n                    \t                                                                                            <\/ul>\n                <\/div>\n            <\/div>\n                        \n        <\/div>\n        <!-- partial -->\n    <\/div>\n    \n    <!--SLIDER END-->\n    <\/section>\n\t\t\t<\/div>\n\t\t\t\t<\/div>\n\t\t\t\t\t<\/div>\n\t\t<\/div>\n\t\t\t\t\t\t\t<\/div>\n\t\t<\/section>\n\t\t\t\t<section class=\"elementor-section elementor-top-section elementor-element elementor-element-50928ff8 elementor-section-boxed elementor-section-height-default elementor-section-height-default\" data-id=\"50928ff8\" data-element_type=\"section\">\n\t\t\t\t\t\t<div class=\"elementor-container elementor-column-gap-default\">\n\t\t\t\t\t<div class=\"elementor-column elementor-col-100 elementor-top-column elementor-element elementor-element-23531a54\" data-id=\"23531a54\" data-element_type=\"column\">\n\t\t\t<div class=\"elementor-widget-wrap elementor-element-populated\">\n\t\t\t\t\t\t\t\t<div class=\"elementor-element elementor-element-41a5d6d elementor-widget elementor-widget-shortcode\" data-id=\"41a5d6d\" data-element_type=\"widget\" data-widget_type=\"shortcode.default\">\n\t\t\t\t<div class=\"elementor-widget-container\">\n\t\t\t\t\t<div class=\"elementor-shortcode\"><\/div>\n\t\t\t\t<\/div>\n\t\t\t\t<\/div>\n\t\t\t\t\t<\/div>\n\t\t<\/div>\n\t\t\t\t\t\t\t<\/div>\n\t\t<\/section>\n\t\t\t\t<section class=\"elementor-section elementor-top-section elementor-element elementor-element-2bcdc4c5 elementor-section-boxed elementor-section-height-default elementor-section-height-default\" data-id=\"2bcdc4c5\" data-element_type=\"section\">\n\t\t\t\t\t\t<div class=\"elementor-container elementor-column-gap-default\">\n\t\t\t\t\t<div class=\"elementor-column elementor-col-100 elementor-top-column elementor-element elementor-element-70db91f8\" data-id=\"70db91f8\" data-element_type=\"column\">\n\t\t\t<div class=\"elementor-widget-wrap elementor-element-populated\">\n\t\t\t\t\t\t\t\t<div class=\"elementor-element elementor-element-57377b26 elementor-widget elementor-widget-heading\" data-id=\"57377b26\" data-element_type=\"widget\" data-widget_type=\"heading.default\">\n\t\t\t\t<div class=\"elementor-widget-container\">\n\t\t\t<style>\/*! elementor - v3.9.0 - 06-12-2022 *\/\n.elementor-heading-title{padding:0;margin:0;line-height:1}.elementor-widget-heading .elementor-heading-title[class*=elementor-size-]>a{color:inherit;font-size:inherit;line-height:inherit}.elementor-widget-heading .elementor-heading-title.elementor-size-small{font-size:15px}.elementor-widget-heading .elementor-heading-title.elementor-size-medium{font-size:19px}.elementor-widget-heading .elementor-heading-title.elementor-size-large{font-size:29px}.elementor-widget-heading .elementor-heading-title.elementor-size-xl{font-size:39px}.elementor-widget-heading .elementor-heading-title.elementor-size-xxl{font-size:59px}<\/style><h2 class=\"elementor-heading-title elementor-size-default\">The farm<\/h2>\t\t<\/div>\n\t\t\t\t<\/div>\n\t\t\t\t\t<\/div>\n\t\t<\/div>\n\t\t\t\t\t\t\t<\/div>\n\t\t<\/section>\n\t\t\t\t<section class=\"elementor-section elementor-top-section elementor-element elementor-element-59a7fc7 elementor-section-boxed elementor-section-height-default elementor-section-height-default\" data-id=\"59a7fc7\" data-element_type=\"section\">\n\t\t\t\t\t\t<div class=\"elementor-container elementor-column-gap-default\">\n\t\t\t\t\t<div class=\"elementor-column elementor-col-50 elementor-top-column elementor-element elementor-element-095a111\" data-id=\"095a111\" data-element_type=\"column\">\n\t\t\t<div class=\"elementor-widget-wrap elementor-element-populated\">\n\t\t\t\t\t\t\t\t<div class=\"elementor-element elementor-element-ce3dd8d elementor-widget elementor-widget-text-editor\" data-id=\"ce3dd8d\" data-element_type=\"widget\" data-widget_type=\"text-editor.default\">\n\t\t\t\t<div class=\"elementor-widget-container\">\n\t\t\t<style>\/*! elementor - v3.9.0 - 06-12-2022 *\/\n.elementor-widget-text-editor.elementor-drop-cap-view-stacked .elementor-drop-cap{background-color:#818a91;color:#fff}.elementor-widget-text-editor.elementor-drop-cap-view-framed .elementor-drop-cap{color:#818a91;border:3px solid;background-color:transparent}.elementor-widget-text-editor:not(.elementor-drop-cap-view-default) .elementor-drop-cap{margin-top:8px}.elementor-widget-text-editor:not(.elementor-drop-cap-view-default) .elementor-drop-cap-letter{width:1em;height:1em}.elementor-widget-text-editor .elementor-drop-cap{float:left;text-align:center;line-height:1;font-size:50px}.elementor-widget-text-editor .elementor-drop-cap-letter{display:inline-block}<\/style>\t\t\t\t<p>On our farm, the entire production is focused on the quality of the meat, because we strive to become a recognizable brand for the quality and composition of the meat.<\/p><p>We invest in modern equipment and renovation of existing machinery, in order to achieve maximum results by combining technology with tradition. Employees take care of the livestock every day, so that we can guarantee complete control of fresh meat from pasture to table.<\/p><p>Good organization of control, modern plant, carefully selected pastures, strict selection of livestock and desire to raise own standards, rank the &#8220;\u0110ur\u0111evi\u0107&#8221; meat industry among the most successful meat industries.<\/p>\t\t\t\t\t\t<\/div>\n\t\t\t\t<\/div>\n\t\t\t\t\t<\/div>\n\t\t<\/div>\n\t\t\t\t<div class=\"elementor-column elementor-col-50 elementor-top-column elementor-element elementor-element-400d266\" data-id=\"400d266\" data-element_type=\"column\">\n\t\t\t<div class=\"elementor-widget-wrap elementor-element-populated\">\n\t\t\t\t\t\t\t\t<div class=\"elementor-element elementor-element-8d80e30 elementor-widget elementor-widget-image\" data-id=\"8d80e30\" data-element_type=\"widget\" data-widget_type=\"image.default\">\n\t\t\t\t<div class=\"elementor-widget-container\">\n\t\t\t<style>\/*! elementor - v3.9.0 - 06-12-2022 *\/\n.elementor-widget-image{text-align:center}.elementor-widget-image a{display:inline-block}.elementor-widget-image a img[src$=\".svg\"]{width:48px}.elementor-widget-image img{vertical-align:middle;display:inline-block}<\/style>\t\t\t\t\t\t\t\t\t\t\t\t<img loading=\"lazy\" decoding=\"async\" width=\"900\" height=\"858\" src=\"https:\/\/im-djurdjevic.com\/wp-content\/uploads\/2022\/12\/farma-1024x976.jpg\" class=\"attachment-large size-large wp-image-1951\" alt=\"\" srcset=\"https:\/\/im-djurdjevic.com\/wp-content\/uploads\/2022\/12\/farma-1024x976.jpg 1024w, https:\/\/im-djurdjevic.com\/wp-content\/uploads\/2022\/12\/farma-300x286.jpg 300w, https:\/\/im-djurdjevic.com\/wp-content\/uploads\/2022\/12\/farma-768x732.jpg 768w, https:\/\/im-djurdjevic.com\/wp-content\/uploads\/2022\/12\/farma.jpg 1116w\" sizes=\"auto, (max-width: 900px) 100vw, 900px\" \/>\t\t\t\t\t\t\t\t\t\t\t\t\t\t\t<\/div>\n\t\t\t\t<\/div>\n\t\t\t\t\t<\/div>\n\t\t<\/div>\n\t\t\t\t\t\t\t<\/div>\n\t\t<\/section>\n\t\t\t\t\t\t\t<\/div>\n\t\t","protected":false},"excerpt":{"rendered":"<p>The farm On our farm, the entire production is focused on the quality of the meat, because we strive to become a recognizable brand for the quality and composition of the meat. The farm On our farm, the entire production is focused on the quality of the meat, because we strive to become a recognizable [&hellip;]<\/p>\n","protected":false},"author":1,"featured_media":0,"parent":1575,"menu_order":0,"comment_status":"closed","ping_status":"closed","template":"","meta":{"footnotes":""},"class_list":["post-1664","page","type-page","status-publish","hentry"],"yoast_head":"<!-- This site is optimized with the Yoast SEO plugin v20.8 - https:\/\/yoast.com\/wordpress\/plugins\/seo\/ -->\n<title>The farm - IM - Djurdjevic<\/title>\n<meta name=\"robots\" content=\"index, follow, max-snippet:-1, max-image-preview:large, max-video-preview:-1\" \/>\n<link rel=\"canonical\" href=\"https:\/\/im-djurdjevic.com\/en\/company\/the-farm\/\" \/>\n<meta property=\"og:locale\" content=\"en_US\" \/>\n<meta property=\"og:type\" content=\"article\" \/>\n<meta property=\"og:title\" content=\"The farm - IM - Djurdjevic\" \/>\n<meta property=\"og:description\" content=\"The farm On our farm, the entire production is focused on the quality of the meat, because we strive to become a recognizable brand for the quality and composition of the meat. The farm On our farm, the entire production is focused on the quality of the meat, because we strive to become a recognizable [&hellip;]\" \/>\n<meta property=\"og:url\" content=\"https:\/\/im-djurdjevic.com\/en\/company\/the-farm\/\" \/>\n<meta property=\"og:site_name\" content=\"IM - Djurdjevic\" \/>\n<meta property=\"article:modified_time\" content=\"2023-11-30T17:25:54+00:00\" \/>\n<meta property=\"og:image\" content=\"https:\/\/im-djurdjevic.com\/wp-content\/uploads\/2022\/12\/farma-1024x976.jpg\" \/>\n<meta name=\"twitter:card\" content=\"summary_large_image\" \/>\n<meta name=\"twitter:label1\" content=\"Est. reading time\" \/>\n\t<meta name=\"twitter:data1\" content=\"1 minute\" \/>\n<script type=\"application\/ld+json\" class=\"yoast-schema-graph\">{\"@context\":\"https:\/\/schema.org\",\"@graph\":[{\"@type\":\"WebPage\",\"@id\":\"https:\/\/im-djurdjevic.com\/en\/company\/the-farm\/\",\"url\":\"https:\/\/im-djurdjevic.com\/en\/company\/the-farm\/\",\"name\":\"The farm - IM - Djurdjevic\",\"isPartOf\":{\"@id\":\"https:\/\/im-djurdjevic.com\/#website\"},\"datePublished\":\"2022-11-01T23:33:42+00:00\",\"dateModified\":\"2023-11-30T17:25:54+00:00\",\"breadcrumb\":{\"@id\":\"https:\/\/im-djurdjevic.com\/en\/company\/the-farm\/#breadcrumb\"},\"inLanguage\":\"en-US\",\"potentialAction\":[{\"@type\":\"ReadAction\",\"target\":[\"https:\/\/im-djurdjevic.com\/en\/company\/the-farm\/\"]}]},{\"@type\":\"BreadcrumbList\",\"@id\":\"https:\/\/im-djurdjevic.com\/en\/company\/the-farm\/#breadcrumb\",\"itemListElement\":[{\"@type\":\"ListItem\",\"position\":1,\"name\":\"Company\",\"item\":\"https:\/\/im-djurdjevic.com\/en\/company\/\"},{\"@type\":\"ListItem\",\"position\":2,\"name\":\"The farm\"}]},{\"@type\":\"WebSite\",\"@id\":\"https:\/\/im-djurdjevic.com\/#website\",\"url\":\"https:\/\/im-djurdjevic.com\/\",\"name\":\"IM - Djurdjevic\",\"description\":\"Industrija mesa Djurdjevic\",\"publisher\":{\"@id\":\"https:\/\/im-djurdjevic.com\/#organization\"},\"potentialAction\":[{\"@type\":\"SearchAction\",\"target\":{\"@type\":\"EntryPoint\",\"urlTemplate\":\"https:\/\/im-djurdjevic.com\/?s={search_term_string}\"},\"query-input\":\"required name=search_term_string\"}],\"inLanguage\":\"en-US\"},{\"@type\":\"Organization\",\"@id\":\"https:\/\/im-djurdjevic.com\/#organization\",\"name\":\"Industrija mesa - Djurdjevic\",\"url\":\"https:\/\/im-djurdjevic.com\/\",\"logo\":{\"@type\":\"ImageObject\",\"inLanguage\":\"en-US\",\"@id\":\"https:\/\/im-djurdjevic.com\/#\/schema\/logo\/image\/\",\"url\":\"https:\/\/im-djurdjevic.globaldizajn.xyz\/wp-content\/uploads\/2022\/10\/Logo-Djurdjevic.png\",\"contentUrl\":\"https:\/\/im-djurdjevic.globaldizajn.xyz\/wp-content\/uploads\/2022\/10\/Logo-Djurdjevic.png\",\"width\":242,\"height\":100,\"caption\":\"Industrija mesa - Djurdjevic\"},\"image\":{\"@id\":\"https:\/\/im-djurdjevic.com\/#\/schema\/logo\/image\/\"}}]}<\/script>\n<!-- \/ Yoast SEO plugin. -->","yoast_head_json":{"title":"The farm - IM - Djurdjevic","robots":{"index":"index","follow":"follow","max-snippet":"max-snippet:-1","max-image-preview":"max-image-preview:large","max-video-preview":"max-video-preview:-1"},"canonical":"https:\/\/im-djurdjevic.com\/en\/company\/the-farm\/","og_locale":"en_US","og_type":"article","og_title":"The farm - IM - Djurdjevic","og_description":"The farm On our farm, the entire production is focused on the quality of the meat, because we strive to become a recognizable brand for the quality and composition of the meat. The farm On our farm, the entire production is focused on the quality of the meat, because we strive to become a recognizable [&hellip;]","og_url":"https:\/\/im-djurdjevic.com\/en\/company\/the-farm\/","og_site_name":"IM - Djurdjevic","article_modified_time":"2023-11-30T17:25:54+00:00","og_image":[{"url":"https:\/\/im-djurdjevic.com\/wp-content\/uploads\/2022\/12\/farma-1024x976.jpg"}],"twitter_card":"summary_large_image","twitter_misc":{"Est. reading time":"1 minute"},"schema":{"@context":"https:\/\/schema.org","@graph":[{"@type":"WebPage","@id":"https:\/\/im-djurdjevic.com\/en\/company\/the-farm\/","url":"https:\/\/im-djurdjevic.com\/en\/company\/the-farm\/","name":"The farm - IM - Djurdjevic","isPartOf":{"@id":"https:\/\/im-djurdjevic.com\/#website"},"datePublished":"2022-11-01T23:33:42+00:00","dateModified":"2023-11-30T17:25:54+00:00","breadcrumb":{"@id":"https:\/\/im-djurdjevic.com\/en\/company\/the-farm\/#breadcrumb"},"inLanguage":"en-US","potentialAction":[{"@type":"ReadAction","target":["https:\/\/im-djurdjevic.com\/en\/company\/the-farm\/"]}]},{"@type":"BreadcrumbList","@id":"https:\/\/im-djurdjevic.com\/en\/company\/the-farm\/#breadcrumb","itemListElement":[{"@type":"ListItem","position":1,"name":"Company","item":"https:\/\/im-djurdjevic.com\/en\/company\/"},{"@type":"ListItem","position":2,"name":"The farm"}]},{"@type":"WebSite","@id":"https:\/\/im-djurdjevic.com\/#website","url":"https:\/\/im-djurdjevic.com\/","name":"IM - Djurdjevic","description":"Industrija mesa Djurdjevic","publisher":{"@id":"https:\/\/im-djurdjevic.com\/#organization"},"potentialAction":[{"@type":"SearchAction","target":{"@type":"EntryPoint","urlTemplate":"https:\/\/im-djurdjevic.com\/?s={search_term_string}"},"query-input":"required name=search_term_string"}],"inLanguage":"en-US"},{"@type":"Organization","@id":"https:\/\/im-djurdjevic.com\/#organization","name":"Industrija mesa - Djurdjevic","url":"https:\/\/im-djurdjevic.com\/","logo":{"@type":"ImageObject","inLanguage":"en-US","@id":"https:\/\/im-djurdjevic.com\/#\/schema\/logo\/image\/","url":"https:\/\/im-djurdjevic.globaldizajn.xyz\/wp-content\/uploads\/2022\/10\/Logo-Djurdjevic.png","contentUrl":"https:\/\/im-djurdjevic.globaldizajn.xyz\/wp-content\/uploads\/2022\/10\/Logo-Djurdjevic.png","width":242,"height":100,"caption":"Industrija mesa - Djurdjevic"},"image":{"@id":"https:\/\/im-djurdjevic.com\/#\/schema\/logo\/image\/"}}]}},"_links":{"self":[{"href":"https:\/\/im-djurdjevic.com\/en\/wp-json\/wp\/v2\/pages\/1664","targetHints":{"allow":["GET"]}}],"collection":[{"href":"https:\/\/im-djurdjevic.com\/en\/wp-json\/wp\/v2\/pages"}],"about":[{"href":"https:\/\/im-djurdjevic.com\/en\/wp-json\/wp\/v2\/types\/page"}],"author":[{"embeddable":true,"href":"https:\/\/im-djurdjevic.com\/en\/wp-json\/wp\/v2\/users\/1"}],"replies":[{"embeddable":true,"href":"https:\/\/im-djurdjevic.com\/en\/wp-json\/wp\/v2\/comments?post=1664"}],"version-history":[{"count":14,"href":"https:\/\/im-djurdjevic.com\/en\/wp-json\/wp\/v2\/pages\/1664\/revisions"}],"predecessor-version":[{"id":2230,"href":"https:\/\/im-djurdjevic.com\/en\/wp-json\/wp\/v2\/pages\/1664\/revisions\/2230"}],"up":[{"embeddable":true,"href":"https:\/\/im-djurdjevic.com\/en\/wp-json\/wp\/v2\/pages\/1575"}],"wp:attachment":[{"href":"https:\/\/im-djurdjevic.com\/en\/wp-json\/wp\/v2\/media?parent=1664"}],"curies":[{"name":"wp","href":"https:\/\/api.w.org\/{rel}","templated":true}]}}