{"id":1644,"date":"2022-11-01T13:31:22","date_gmt":"2022-11-01T12:31:22","guid":{"rendered":"https:\/\/im-djurdjevic.globaldizajn.xyz\/kompani%d1%8f\/prodajni-objekti\/"},"modified":"2023-11-30T17:59:26","modified_gmt":"2023-11-30T16:59:26","slug":"ob%d1%8aekt%d1%8b-prodaz","status":"publish","type":"page","link":"https:\/\/im-djurdjevic.com\/ru\/kompani%d1%8f\/ob%d1%8aekt%d1%8b-prodaz\/","title":{"rendered":"\u041e\u0431\u044a\u0435\u043a\u0442\u044b \u043f\u0440\u043e\u0434\u0430\u0436"},"content":{"rendered":"\t\t<div data-elementor-type=\"wp-page\" data-elementor-id=\"1644\" class=\"elementor elementor-1644 elementor-868\">\n\t\t\t\t\t\t\t\t\t<section class=\"elementor-section elementor-top-section elementor-element elementor-element-20575e4f elementor-section-full_width elementor-section-height-default elementor-section-height-default\" data-id=\"20575e4f\" data-element_type=\"section\">\n\t\t\t\t\t\t<div class=\"elementor-container elementor-column-gap-no\">\n\t\t\t\t\t<div class=\"elementor-column elementor-col-100 elementor-top-column elementor-element elementor-element-67661e85\" data-id=\"67661e85\" data-element_type=\"column\">\n\t\t\t<div class=\"elementor-widget-wrap elementor-element-populated\">\n\t\t\t\t\t\t\t\t<div class=\"elementor-element elementor-element-27e2a035 elementor-align-left elementor-widget elementor-widget-bdevs-slider\" data-id=\"27e2a035\" data-element_type=\"widget\" data-widget_type=\"bdevs-slider.default\">\n\t\t\t\t<div class=\"elementor-widget-container\">\n\t\t\t  \n<section>\n\t    <div class=\"home-slider\">\n        <!-- partial:index.partial.html -->\n        <div class=\"hero-slider\" data-carousel>\n        \t            <div class=\"carousel-cell\" style=\"background-image:url(https:\/\/im-djurdjevic.com\/wp-content\/uploads\/2022\/11\/slide-9.jpg);\">\n                <div class=\"overlay\"><\/div>\n                <div class=\"container slider-caption\">\n                \t                                        <h1>\u041e\u0431\u044a\u0435\u043a\u0442\u044b \u043f\u0440\u043e\u0434\u0430\u0436<\/h1>\n                                                                            <\/div>\n                <div class=\"social-media\">\n                    <ul>\n                    \t                                                                                            <\/ul>\n                <\/div>\n            <\/div>\n                        <div class=\"carousel-cell\" style=\"background-image:url(https:\/\/im-djurdjevic.com\/wp-content\/uploads\/2022\/11\/106_509409217.jpg);\">\n                <div class=\"overlay\"><\/div>\n                <div class=\"container slider-caption\">\n                \t                                        <h1>\u041e\u0431\u044a\u0435\u043a\u0442\u044b \u043f\u0440\u043e\u0434\u0430\u0436<\/h1>\n                                                                            <\/div>\n                <div class=\"social-media\">\n                    <ul>\n                    \t                                                                                            <\/ul>\n                <\/div>\n            <\/div>\n                        \n        <\/div>\n        <!-- partial -->\n    <\/div>\n    \n    <!--SLIDER END-->\n    <\/section>\n\t\t\t<\/div>\n\t\t\t\t<\/div>\n\t\t\t\t\t<\/div>\n\t\t<\/div>\n\t\t\t\t\t\t\t<\/div>\n\t\t<\/section>\n\t\t\t\t<section class=\"elementor-section elementor-top-section elementor-element elementor-element-50928ff8 elementor-section-boxed elementor-section-height-default elementor-section-height-default\" data-id=\"50928ff8\" data-element_type=\"section\">\n\t\t\t\t\t\t<div class=\"elementor-container elementor-column-gap-default\">\n\t\t\t\t\t<div class=\"elementor-column elementor-col-100 elementor-top-column elementor-element elementor-element-23531a54\" data-id=\"23531a54\" data-element_type=\"column\">\n\t\t\t<div class=\"elementor-widget-wrap elementor-element-populated\">\n\t\t\t\t\t\t\t\t<div class=\"elementor-element elementor-element-41a5d6d elementor-widget elementor-widget-shortcode\" data-id=\"41a5d6d\" data-element_type=\"widget\" data-widget_type=\"shortcode.default\">\n\t\t\t\t<div class=\"elementor-widget-container\">\n\t\t\t\t\t<div class=\"elementor-shortcode\"><\/div>\n\t\t\t\t<\/div>\n\t\t\t\t<\/div>\n\t\t\t\t\t<\/div>\n\t\t<\/div>\n\t\t\t\t\t\t\t<\/div>\n\t\t<\/section>\n\t\t\t\t<section class=\"elementor-section elementor-top-section elementor-element elementor-element-2bcdc4c5 elementor-section-boxed elementor-section-height-default elementor-section-height-default\" data-id=\"2bcdc4c5\" data-element_type=\"section\">\n\t\t\t\t\t\t<div class=\"elementor-container elementor-column-gap-default\">\n\t\t\t\t\t<div class=\"elementor-column elementor-col-100 elementor-top-column elementor-element elementor-element-70db91f8\" data-id=\"70db91f8\" data-element_type=\"column\">\n\t\t\t<div class=\"elementor-widget-wrap elementor-element-populated\">\n\t\t\t\t\t\t\t\t<div class=\"elementor-element elementor-element-57377b26 elementor-widget elementor-widget-heading\" data-id=\"57377b26\" data-element_type=\"widget\" data-widget_type=\"heading.default\">\n\t\t\t\t<div class=\"elementor-widget-container\">\n\t\t\t<style>\/*! elementor - v3.9.0 - 06-12-2022 *\/\n.elementor-heading-title{padding:0;margin:0;line-height:1}.elementor-widget-heading .elementor-heading-title[class*=elementor-size-]>a{color:inherit;font-size:inherit;line-height:inherit}.elementor-widget-heading .elementor-heading-title.elementor-size-small{font-size:15px}.elementor-widget-heading .elementor-heading-title.elementor-size-medium{font-size:19px}.elementor-widget-heading .elementor-heading-title.elementor-size-large{font-size:29px}.elementor-widget-heading .elementor-heading-title.elementor-size-xl{font-size:39px}.elementor-widget-heading .elementor-heading-title.elementor-size-xxl{font-size:59px}<\/style><h2 class=\"elementor-heading-title elementor-size-default\">\u041e\u0431\u044a\u0435\u043a\u0442\u044b \u043f\u0440\u043e\u0434\u0430\u0436\n<\/h2>\t\t<\/div>\n\t\t\t\t<\/div>\n\t\t\t\t\t<\/div>\n\t\t<\/div>\n\t\t\t\t\t\t\t<\/div>\n\t\t<\/section>\n\t\t\t\t<section class=\"elementor-section elementor-top-section elementor-element elementor-element-59a7fc7 elementor-section-boxed elementor-section-height-default elementor-section-height-default\" data-id=\"59a7fc7\" data-element_type=\"section\">\n\t\t\t\t\t\t<div class=\"elementor-container elementor-column-gap-default\">\n\t\t\t\t\t<div class=\"elementor-column elementor-col-100 elementor-top-column elementor-element elementor-element-095a111\" data-id=\"095a111\" data-element_type=\"column\">\n\t\t\t<div class=\"elementor-widget-wrap elementor-element-populated\">\n\t\t\t\t\t\t\t\t<div class=\"elementor-element elementor-element-dc7b1cf elementor-widget elementor-widget-text-editor\" data-id=\"dc7b1cf\" data-element_type=\"widget\" data-widget_type=\"text-editor.default\">\n\t\t\t\t<div class=\"elementor-widget-container\">\n\t\t\t<style>\/*! elementor - v3.9.0 - 06-12-2022 *\/\n.elementor-widget-text-editor.elementor-drop-cap-view-stacked .elementor-drop-cap{background-color:#818a91;color:#fff}.elementor-widget-text-editor.elementor-drop-cap-view-framed .elementor-drop-cap{color:#818a91;border:3px solid;background-color:transparent}.elementor-widget-text-editor:not(.elementor-drop-cap-view-default) .elementor-drop-cap{margin-top:8px}.elementor-widget-text-editor:not(.elementor-drop-cap-view-default) .elementor-drop-cap-letter{width:1em;height:1em}.elementor-widget-text-editor .elementor-drop-cap{float:left;text-align:center;line-height:1;font-size:50px}.elementor-widget-text-editor .elementor-drop-cap-letter{display:inline-block}<\/style>\t\t\t\t<table class=\"table\">\n<tbody>\n<tr>\n<td>PRODAJNI OBJEKAT<\/td>\n<td>SEDI\u0160TE<\/td>\n<td>KONTAKT<\/td>\n<\/tr>\n<tr>\n<td>MPO SUBOTI\u0160TE DISKONT<\/td>\n<td>RADNA ZONA 1, SUBOTI\u0160TE<\/td>\n<td>\u00a0+381 (0)64 826 14 86<\/td>\n<\/tr>\n<tr>\n<td>MPO PE\u0106INCI<\/td>\n<td>SLOBODANA BAJI\u0106A 9, PE\u0106INCI<\/td>\n<td>+381 (0)64 826 14 94<\/td>\n<\/tr>\n<tr>\n<td>MPO \u0160IMANOVCI<\/td>\n<td>KRNJE\u0160EVA\u010cKA 64, \u0160IMANOVCI<\/td>\n<td>+381 (0)64 826 14 38<\/td>\n<\/tr>\n<tr>\n<td>MPO BATAJNICA<\/td>\n<td>MAJORA ZORANA RADO. 154, BATAJNICA<\/td>\n<td>+381 (0)64 826 03 91<\/td>\n<\/tr>\n<tr>\n<td>MPO \u0160ABAC 1<\/td>\n<td>KRALJA MILUTINA 3, \u0160ABAC<\/td>\n<td>+381 (0)64 826 14 98<\/td>\n<\/tr>\n<tr>\n<td>MPO A\u0160ANJA<\/td>\n<td>KARA\u0110OR\u0110EVA 3, A\u0160ANJA<\/td>\n<td>+381 (0)64 826 03 86<\/td>\n<\/tr>\n<tr>\n<td>MPO SUR\u010cIN 1<\/td>\n<td>VOJVO\u0110ANSKA 80, SUR\u010cIN<\/td>\n<td>+381 (0)69 826 15 29<\/td>\n<\/tr>\n\n<tr>\n<td>MPO BOR\u010cA<\/td>\n<td>SAVE MRKALJA 28, BOR\u010cA<\/td>\n<td>+381 (0)69 826 15 46<\/td>\n<\/tr>\n<tr>\n<td>MPO NOVI SAD<\/td>\n<td>FUTO\u0160KI PUT 55, 21000 NOVI SAD<\/td>\n<td>+381 (0)69 826 16 02<\/td>\n<\/tr>\n<tr>\n<td>RESTORAN NOVI SAD<\/td>\n<td>FUTO\u0160KI PUT 55, 21000 NOVI SAD<\/td>\n<td>+381 (0)69 826 16 03<\/td>\n<\/tr>\n<tr>\n<td>MPO FUTO\u0160KA PIJACA<\/td>\n<td>JEVREJSKA 42, 21000 NOVI SAD<\/td>\n<td>+381 (0)69 826 16 04<\/td>\n<\/tr>\n\n<tr>\n<td>MAJUR<\/td>\n<td>SVETOG SAVE BR. 1<\/td>\n<td>+381 (0)69 826 16 14<\/td>\n<\/tr>\n\n<\/tbody>\n<\/table>\t\t\t\t\t\t<\/div>\n\t\t\t\t<\/div>\n\t\t\t\t\t<\/div>\n\t\t<\/div>\n\t\t\t\t\t\t\t<\/div>\n\t\t<\/section>\n\t\t\t\t\t\t\t<\/div>\n\t\t","protected":false},"excerpt":{"rendered":"<p>\u041e\u0431\u044a\u0435\u043a\u0442\u044b \u043f\u0440\u043e\u0434\u0430\u0436 \u041e\u0431\u044a\u0435\u043a\u0442\u044b \u043f\u0440\u043e\u0434\u0430\u0436 \u041e\u0431\u044a\u0435\u043a\u0442\u044b \u043f\u0440\u043e\u0434\u0430\u0436 PRODAJNI OBJEKAT SEDI\u0160TE KONTAKT MPO SUBOTI\u0160TE DISKONT RADNA ZONA 1, SUBOTI\u0160TE \u00a0+381 (0)64 826 14 86 MPO PE\u0106INCI SLOBODANA BAJI\u0106A 9, PE\u0106INCI +381 (0)64 826 14 94 MPO \u0160IMANOVCI KRNJE\u0160EVA\u010cKA 64, \u0160IMANOVCI +381 (0)64 826 14 38 MPO BATAJNICA MAJORA ZORANA RADO. 154, BATAJNICA +381 (0)64 826 03 91 [&hellip;]<\/p>\n","protected":false},"author":1,"featured_media":0,"parent":1576,"menu_order":0,"comment_status":"closed","ping_status":"closed","template":"","meta":{"footnotes":""},"class_list":["post-1644","page","type-page","status-publish","hentry"],"yoast_head":"<!-- This site is optimized with the Yoast SEO plugin v20.8 - https:\/\/yoast.com\/wordpress\/plugins\/seo\/ -->\n<title>\u041e\u0431\u044a\u0435\u043a\u0442\u044b \u043f\u0440\u043e\u0434\u0430\u0436 - IM - Djurdjevic<\/title>\n<meta name=\"robots\" content=\"index, follow, max-snippet:-1, max-image-preview:large, max-video-preview:-1\" \/>\n<link rel=\"canonical\" href=\"https:\/\/im-djurdjevic.com\/en\/company\/sales-facilities\/\" \/>\n<meta property=\"og:locale\" content=\"ru_RU\" \/>\n<meta property=\"og:type\" content=\"article\" \/>\n<meta property=\"og:title\" content=\"\u041e\u0431\u044a\u0435\u043a\u0442\u044b \u043f\u0440\u043e\u0434\u0430\u0436 - IM - Djurdjevic\" \/>\n<meta property=\"og:description\" content=\"\u041e\u0431\u044a\u0435\u043a\u0442\u044b \u043f\u0440\u043e\u0434\u0430\u0436 \u041e\u0431\u044a\u0435\u043a\u0442\u044b \u043f\u0440\u043e\u0434\u0430\u0436 \u041e\u0431\u044a\u0435\u043a\u0442\u044b \u043f\u0440\u043e\u0434\u0430\u0436 PRODAJNI OBJEKAT SEDI\u0160TE KONTAKT MPO SUBOTI\u0160TE DISKONT RADNA ZONA 1, SUBOTI\u0160TE \u00a0+381 (0)64 826 14 86 MPO PE\u0106INCI SLOBODANA BAJI\u0106A 9, PE\u0106INCI +381 (0)64 826 14 94 MPO \u0160IMANOVCI KRNJE\u0160EVA\u010cKA 64, \u0160IMANOVCI +381 (0)64 826 14 38 MPO BATAJNICA MAJORA ZORANA RADO. 154, BATAJNICA +381 (0)64 826 03 91 [&hellip;]\" \/>\n<meta property=\"og:url\" content=\"https:\/\/im-djurdjevic.com\/en\/company\/sales-facilities\/\" \/>\n<meta property=\"og:site_name\" content=\"IM - Djurdjevic\" \/>\n<meta property=\"article:modified_time\" content=\"2023-11-30T16:59:26+00:00\" \/>\n<meta name=\"twitter:card\" content=\"summary_large_image\" \/>\n<meta name=\"twitter:label1\" content=\"Primernoe vrem\u044f dl\u044f \u010dteni\u044f\" \/>\n\t<meta name=\"twitter:data1\" content=\"1 minuta\" \/>\n<script type=\"application\/ld+json\" class=\"yoast-schema-graph\">{\"@context\":\"https:\/\/schema.org\",\"@graph\":[{\"@type\":\"WebPage\",\"@id\":\"https:\/\/im-djurdjevic.com\/en\/company\/sales-facilities\/\",\"url\":\"https:\/\/im-djurdjevic.com\/en\/company\/sales-facilities\/\",\"name\":\"\u041e\u0431\u044a\u0435\u043a\u0442\u044b \u043f\u0440\u043e\u0434\u0430\u0436 - IM - Djurdjevic\",\"isPartOf\":{\"@id\":\"https:\/\/im-djurdjevic.com\/#website\"},\"datePublished\":\"2022-11-01T12:31:22+00:00\",\"dateModified\":\"2023-11-30T16:59:26+00:00\",\"breadcrumb\":{\"@id\":\"https:\/\/im-djurdjevic.com\/en\/company\/sales-facilities\/#breadcrumb\"},\"inLanguage\":\"ru-RU\",\"potentialAction\":[{\"@type\":\"ReadAction\",\"target\":[\"https:\/\/im-djurdjevic.com\/en\/company\/sales-facilities\/\"]}]},{\"@type\":\"BreadcrumbList\",\"@id\":\"https:\/\/im-djurdjevic.com\/en\/company\/sales-facilities\/#breadcrumb\",\"itemListElement\":[{\"@type\":\"ListItem\",\"position\":1,\"name\":\"\u041a\u043e\u043c\u043f\u0430\u043d\u0438\u044f\",\"item\":\"https:\/\/im-djurdjevic.com\/ru\/kompani%d1%8f\/\"},{\"@type\":\"ListItem\",\"position\":2,\"name\":\"\u041e\u0431\u044a\u0435\u043a\u0442\u044b \u043f\u0440\u043e\u0434\u0430\u0436\"}]},{\"@type\":\"WebSite\",\"@id\":\"https:\/\/im-djurdjevic.com\/#website\",\"url\":\"https:\/\/im-djurdjevic.com\/\",\"name\":\"IM - Djurdjevic\",\"description\":\"Industrija mesa Djurdjevic\",\"publisher\":{\"@id\":\"https:\/\/im-djurdjevic.com\/#organization\"},\"potentialAction\":[{\"@type\":\"SearchAction\",\"target\":{\"@type\":\"EntryPoint\",\"urlTemplate\":\"https:\/\/im-djurdjevic.com\/?s={search_term_string}\"},\"query-input\":\"required name=search_term_string\"}],\"inLanguage\":\"ru-RU\"},{\"@type\":\"Organization\",\"@id\":\"https:\/\/im-djurdjevic.com\/#organization\",\"name\":\"Industrija mesa - Djurdjevic\",\"url\":\"https:\/\/im-djurdjevic.com\/\",\"logo\":{\"@type\":\"ImageObject\",\"inLanguage\":\"ru-RU\",\"@id\":\"https:\/\/im-djurdjevic.com\/#\/schema\/logo\/image\/\",\"url\":\"https:\/\/im-djurdjevic.globaldizajn.xyz\/wp-content\/uploads\/2022\/10\/Logo-Djurdjevic.png\",\"contentUrl\":\"https:\/\/im-djurdjevic.globaldizajn.xyz\/wp-content\/uploads\/2022\/10\/Logo-Djurdjevic.png\",\"width\":242,\"height\":100,\"caption\":\"Industrija mesa - Djurdjevic\"},\"image\":{\"@id\":\"https:\/\/im-djurdjevic.com\/#\/schema\/logo\/image\/\"}}]}<\/script>\n<!-- \/ Yoast SEO plugin. -->","yoast_head_json":{"title":"\u041e\u0431\u044a\u0435\u043a\u0442\u044b \u043f\u0440\u043e\u0434\u0430\u0436 - IM - Djurdjevic","robots":{"index":"index","follow":"follow","max-snippet":"max-snippet:-1","max-image-preview":"max-image-preview:large","max-video-preview":"max-video-preview:-1"},"canonical":"https:\/\/im-djurdjevic.com\/en\/company\/sales-facilities\/","og_locale":"ru_RU","og_type":"article","og_title":"\u041e\u0431\u044a\u0435\u043a\u0442\u044b \u043f\u0440\u043e\u0434\u0430\u0436 - IM - Djurdjevic","og_description":"\u041e\u0431\u044a\u0435\u043a\u0442\u044b \u043f\u0440\u043e\u0434\u0430\u0436 \u041e\u0431\u044a\u0435\u043a\u0442\u044b \u043f\u0440\u043e\u0434\u0430\u0436 \u041e\u0431\u044a\u0435\u043a\u0442\u044b \u043f\u0440\u043e\u0434\u0430\u0436 PRODAJNI OBJEKAT SEDI\u0160TE KONTAKT MPO SUBOTI\u0160TE DISKONT RADNA ZONA 1, SUBOTI\u0160TE \u00a0+381 (0)64 826 14 86 MPO PE\u0106INCI SLOBODANA BAJI\u0106A 9, PE\u0106INCI +381 (0)64 826 14 94 MPO \u0160IMANOVCI KRNJE\u0160EVA\u010cKA 64, \u0160IMANOVCI +381 (0)64 826 14 38 MPO BATAJNICA MAJORA ZORANA RADO. 154, BATAJNICA +381 (0)64 826 03 91 [&hellip;]","og_url":"https:\/\/im-djurdjevic.com\/en\/company\/sales-facilities\/","og_site_name":"IM - Djurdjevic","article_modified_time":"2023-11-30T16:59:26+00:00","twitter_card":"summary_large_image","twitter_misc":{"Primernoe vrem\u044f dl\u044f \u010dteni\u044f":"1 minuta"},"schema":{"@context":"https:\/\/schema.org","@graph":[{"@type":"WebPage","@id":"https:\/\/im-djurdjevic.com\/en\/company\/sales-facilities\/","url":"https:\/\/im-djurdjevic.com\/en\/company\/sales-facilities\/","name":"\u041e\u0431\u044a\u0435\u043a\u0442\u044b \u043f\u0440\u043e\u0434\u0430\u0436 - IM - Djurdjevic","isPartOf":{"@id":"https:\/\/im-djurdjevic.com\/#website"},"datePublished":"2022-11-01T12:31:22+00:00","dateModified":"2023-11-30T16:59:26+00:00","breadcrumb":{"@id":"https:\/\/im-djurdjevic.com\/en\/company\/sales-facilities\/#breadcrumb"},"inLanguage":"ru-RU","potentialAction":[{"@type":"ReadAction","target":["https:\/\/im-djurdjevic.com\/en\/company\/sales-facilities\/"]}]},{"@type":"BreadcrumbList","@id":"https:\/\/im-djurdjevic.com\/en\/company\/sales-facilities\/#breadcrumb","itemListElement":[{"@type":"ListItem","position":1,"name":"\u041a\u043e\u043c\u043f\u0430\u043d\u0438\u044f","item":"https:\/\/im-djurdjevic.com\/ru\/kompani%d1%8f\/"},{"@type":"ListItem","position":2,"name":"\u041e\u0431\u044a\u0435\u043a\u0442\u044b \u043f\u0440\u043e\u0434\u0430\u0436"}]},{"@type":"WebSite","@id":"https:\/\/im-djurdjevic.com\/#website","url":"https:\/\/im-djurdjevic.com\/","name":"IM - Djurdjevic","description":"Industrija mesa Djurdjevic","publisher":{"@id":"https:\/\/im-djurdjevic.com\/#organization"},"potentialAction":[{"@type":"SearchAction","target":{"@type":"EntryPoint","urlTemplate":"https:\/\/im-djurdjevic.com\/?s={search_term_string}"},"query-input":"required name=search_term_string"}],"inLanguage":"ru-RU"},{"@type":"Organization","@id":"https:\/\/im-djurdjevic.com\/#organization","name":"Industrija mesa - Djurdjevic","url":"https:\/\/im-djurdjevic.com\/","logo":{"@type":"ImageObject","inLanguage":"ru-RU","@id":"https:\/\/im-djurdjevic.com\/#\/schema\/logo\/image\/","url":"https:\/\/im-djurdjevic.globaldizajn.xyz\/wp-content\/uploads\/2022\/10\/Logo-Djurdjevic.png","contentUrl":"https:\/\/im-djurdjevic.globaldizajn.xyz\/wp-content\/uploads\/2022\/10\/Logo-Djurdjevic.png","width":242,"height":100,"caption":"Industrija mesa - Djurdjevic"},"image":{"@id":"https:\/\/im-djurdjevic.com\/#\/schema\/logo\/image\/"}}]}},"_links":{"self":[{"href":"https:\/\/im-djurdjevic.com\/ru\/wp-json\/wp\/v2\/pages\/1644","targetHints":{"allow":["GET"]}}],"collection":[{"href":"https:\/\/im-djurdjevic.com\/ru\/wp-json\/wp\/v2\/pages"}],"about":[{"href":"https:\/\/im-djurdjevic.com\/ru\/wp-json\/wp\/v2\/types\/page"}],"author":[{"embeddable":true,"href":"https:\/\/im-djurdjevic.com\/ru\/wp-json\/wp\/v2\/users\/1"}],"replies":[{"embeddable":true,"href":"https:\/\/im-djurdjevic.com\/ru\/wp-json\/wp\/v2\/comments?post=1644"}],"version-history":[{"count":14,"href":"https:\/\/im-djurdjevic.com\/ru\/wp-json\/wp\/v2\/pages\/1644\/revisions"}],"predecessor-version":[{"id":2212,"href":"https:\/\/im-djurdjevic.com\/ru\/wp-json\/wp\/v2\/pages\/1644\/revisions\/2212"}],"up":[{"embeddable":true,"href":"https:\/\/im-djurdjevic.com\/ru\/wp-json\/wp\/v2\/pages\/1576"}],"wp:attachment":[{"href":"https:\/\/im-djurdjevic.com\/ru\/wp-json\/wp\/v2\/media?parent=1644"}],"curies":[{"name":"wp","href":"https:\/\/api.w.org\/{rel}","templated":true}]}}